{"id":9349,"date":"2024-11-26T11:43:19","date_gmt":"2024-11-26T16:43:19","guid":{"rendered":"http:\/\/carolinapinilla.com\/?post_type=product&#038;p=9349"},"modified":"2026-03-03T11:01:28","modified_gmt":"2026-03-03T16:01:28","slug":"citrino","status":"publish","type":"product","link":"https:\/\/carolinapinilla.com\/en\/productos\/citrino\/","title":{"rendered":"CITRINO"},"content":{"rendered":"<p>Vestido largo ce\u00f1ido al cuerpo en tonos amarillo y fucsia tipo degrad\u00e9.<\/p>\n<p>Prenda elaborada en lycra, estampado degrad\u00e9 exclusivo de la marca<\/p>","protected":false},"excerpt":{"rendered":"<p>Vestido largo ce\u00f1ido al cuerpo en tonos amarillo y fucsia tipo degrad\u00e9. Prenda elaborada en lycra, estampado degrad\u00e9 exclusivo de la marca<\/p>","protected":false},"featured_media":9359,"template":"","meta":[],"product_cat":[156,150,151,15,141,117],"product_tag":[],"_links":{"self":[{"href":"https:\/\/carolinapinilla.com\/en\/wp-json\/wp\/v2\/product\/9349"}],"collection":[{"href":"https:\/\/carolinapinilla.com\/en\/wp-json\/wp\/v2\/product"}],"about":[{"href":"https:\/\/carolinapinilla.com\/en\/wp-json\/wp\/v2\/types\/product"}],"version-history":[{"count":2,"href":"https:\/\/carolinapinilla.com\/en\/wp-json\/wp\/v2\/product\/9349\/revisions"}],"predecessor-version":[{"id":11378,"href":"https:\/\/carolinapinilla.com\/en\/wp-json\/wp\/v2\/product\/9349\/revisions\/11378"}],"wp:featuredmedia":[{"embeddable":true,"href":"https:\/\/carolinapinilla.com\/en\/wp-json\/wp\/v2\/media\/9359"}],"wp:attachment":[{"href":"https:\/\/carolinapinilla.com\/en\/wp-json\/wp\/v2\/media?parent=9349"}],"wp:term":[{"taxonomy":"product_cat","embeddable":true,"href":"https:\/\/carolinapinilla.com\/en\/wp-json\/wp\/v2\/product_cat?post=9349"},{"taxonomy":"product_tag","embeddable":true,"href":"https:\/\/carolinapinilla.com\/en\/wp-json\/wp\/v2\/product_tag?post=9349"}],"curies":[{"name":"wp","href":"https:\/\/api.w.org\/{rel}","templated":true}]}}