{"id":9288,"date":"2024-11-26T08:50:23","date_gmt":"2024-11-26T13:50:23","guid":{"rendered":"http:\/\/carolinapinilla.com\/?post_type=product&#038;p=9288"},"modified":"2026-03-02T14:20:49","modified_gmt":"2026-03-02T19:20:49","slug":"luna-short","status":"publish","type":"product","link":"https:\/\/carolinapinilla.com\/en\/productos\/luna-short\/","title":{"rendered":"LUNA SHORT"},"content":{"rendered":"<p>Dise\u00f1o b\u00e1sico de short elaborado en delicado encaje con p\u00e9talos color marfil.<\/p>","protected":false},"excerpt":{"rendered":"<p>Dise\u00f1o b\u00e1sico de short elaborado en delicado encaje con p\u00e9talos color marfil.<\/p>","protected":false},"featured_media":9237,"template":"","meta":[],"product_cat":[156,151,15,137],"product_tag":[],"_links":{"self":[{"href":"https:\/\/carolinapinilla.com\/en\/wp-json\/wp\/v2\/product\/9288"}],"collection":[{"href":"https:\/\/carolinapinilla.com\/en\/wp-json\/wp\/v2\/product"}],"about":[{"href":"https:\/\/carolinapinilla.com\/en\/wp-json\/wp\/v2\/types\/product"}],"version-history":[{"count":1,"href":"https:\/\/carolinapinilla.com\/en\/wp-json\/wp\/v2\/product\/9288\/revisions"}],"predecessor-version":[{"id":10859,"href":"https:\/\/carolinapinilla.com\/en\/wp-json\/wp\/v2\/product\/9288\/revisions\/10859"}],"wp:featuredmedia":[{"embeddable":true,"href":"https:\/\/carolinapinilla.com\/en\/wp-json\/wp\/v2\/media\/9237"}],"wp:attachment":[{"href":"https:\/\/carolinapinilla.com\/en\/wp-json\/wp\/v2\/media?parent=9288"}],"wp:term":[{"taxonomy":"product_cat","embeddable":true,"href":"https:\/\/carolinapinilla.com\/en\/wp-json\/wp\/v2\/product_cat?post=9288"},{"taxonomy":"product_tag","embeddable":true,"href":"https:\/\/carolinapinilla.com\/en\/wp-json\/wp\/v2\/product_tag?post=9288"}],"curies":[{"name":"wp","href":"https:\/\/api.w.org\/{rel}","templated":true}]}}