{"id":9184,"date":"2024-11-25T12:44:29","date_gmt":"2024-11-25T17:44:29","guid":{"rendered":"http:\/\/carolinapinilla.com\/?post_type=product&#038;p=9184"},"modified":"2026-01-26T17:23:40","modified_gmt":"2026-01-26T22:23:40","slug":"bruma","status":"publish","type":"product","link":"https:\/\/carolinapinilla.com\/en\/productos\/bruma\/","title":{"rendered":"BRUMA"},"content":{"rendered":"<p>Vestido tipo camisero corto, elaborado en lentejuelas plateadas con flecos de lentejuelas que le dan un toque de elegancia a un dise\u00f1o cl\u00e1sico, creando una prenda \u00fanica que te har\u00e1 brillar.<\/p>","protected":false},"excerpt":{"rendered":"<p>Vestido tipo camisero corto, elaborado en lentejuelas plateadas con flecos de lentejuelas que le dan un toque de elegancia a un dise\u00f1o cl\u00e1sico, creando una prenda \u00fanica que te har\u00e1 brillar.<\/p>","protected":false},"featured_media":9175,"template":"","meta":[],"product_cat":[150,151,15,141,117],"product_tag":[],"_links":{"self":[{"href":"https:\/\/carolinapinilla.com\/en\/wp-json\/wp\/v2\/product\/9184"}],"collection":[{"href":"https:\/\/carolinapinilla.com\/en\/wp-json\/wp\/v2\/product"}],"about":[{"href":"https:\/\/carolinapinilla.com\/en\/wp-json\/wp\/v2\/types\/product"}],"version-history":[{"count":1,"href":"https:\/\/carolinapinilla.com\/en\/wp-json\/wp\/v2\/product\/9184\/revisions"}],"predecessor-version":[{"id":10862,"href":"https:\/\/carolinapinilla.com\/en\/wp-json\/wp\/v2\/product\/9184\/revisions\/10862"}],"wp:featuredmedia":[{"embeddable":true,"href":"https:\/\/carolinapinilla.com\/en\/wp-json\/wp\/v2\/media\/9175"}],"wp:attachment":[{"href":"https:\/\/carolinapinilla.com\/en\/wp-json\/wp\/v2\/media?parent=9184"}],"wp:term":[{"taxonomy":"product_cat","embeddable":true,"href":"https:\/\/carolinapinilla.com\/en\/wp-json\/wp\/v2\/product_cat?post=9184"},{"taxonomy":"product_tag","embeddable":true,"href":"https:\/\/carolinapinilla.com\/en\/wp-json\/wp\/v2\/product_tag?post=9184"}],"curies":[{"name":"wp","href":"https:\/\/api.w.org\/{rel}","templated":true}]}}