{"id":6129,"date":"2021-08-10T23:35:58","date_gmt":"2021-08-11T04:35:58","guid":{"rendered":"http:\/\/carolinapinilla.com\/?post_type=product&#038;p=6129"},"modified":"2026-02-23T00:02:40","modified_gmt":"2026-02-23T05:02:40","slug":"magic-birds","status":"publish","type":"product","link":"https:\/\/carolinapinilla.com\/en\/productos\/magic-birds\/","title":{"rendered":"MAGIC BIRDS"},"content":{"rendered":"","protected":false},"excerpt":{"rendered":"<p>Vestido corto con mangas y amarrado a la espalda con un lazo del mismo vestido, un estampado encantador de p\u00e1jaros m\u00e1gicos que resalta la belleza natural de mam\u00e1s e hijas.<\/p>","protected":false},"featured_media":6136,"template":"","meta":[],"product_cat":[150,141,133,108,111],"product_tag":[],"_links":{"self":[{"href":"https:\/\/carolinapinilla.com\/en\/wp-json\/wp\/v2\/product\/6129"}],"collection":[{"href":"https:\/\/carolinapinilla.com\/en\/wp-json\/wp\/v2\/product"}],"about":[{"href":"https:\/\/carolinapinilla.com\/en\/wp-json\/wp\/v2\/types\/product"}],"version-history":[{"count":1,"href":"https:\/\/carolinapinilla.com\/en\/wp-json\/wp\/v2\/product\/6129\/revisions"}],"predecessor-version":[{"id":11003,"href":"https:\/\/carolinapinilla.com\/en\/wp-json\/wp\/v2\/product\/6129\/revisions\/11003"}],"wp:featuredmedia":[{"embeddable":true,"href":"https:\/\/carolinapinilla.com\/en\/wp-json\/wp\/v2\/media\/6136"}],"wp:attachment":[{"href":"https:\/\/carolinapinilla.com\/en\/wp-json\/wp\/v2\/media?parent=6129"}],"wp:term":[{"taxonomy":"product_cat","embeddable":true,"href":"https:\/\/carolinapinilla.com\/en\/wp-json\/wp\/v2\/product_cat?post=6129"},{"taxonomy":"product_tag","embeddable":true,"href":"https:\/\/carolinapinilla.com\/en\/wp-json\/wp\/v2\/product_tag?post=6129"}],"curies":[{"name":"wp","href":"https:\/\/api.w.org\/{rel}","templated":true}]}}