{"id":5219,"date":"2021-07-02T14:15:39","date_gmt":"2021-07-02T19:15:39","guid":{"rendered":"https:\/\/store.carolinapinilla.com\/?post_type=product&#038;p=5219"},"modified":"2024-04-05T15:43:01","modified_gmt":"2024-04-05T20:43:01","slug":"veranera","status":"publish","type":"product","link":"https:\/\/carolinapinilla.com\/en\/productos\/veranera\/","title":{"rendered":"VERANERA"},"content":{"rendered":"","protected":false},"excerpt":{"rendered":"<p>Set que te har\u00e1 lucir ligera y radiante con una falda de dos boleros con el\u00e1stico en la cintura para un ajuste perfecto, crop top de mangas largas y el\u00e1stico en el pu\u00f1o de la manga. Set con estampado de flores color rosa que te har\u00e1n resaltar la feminidad.<\/p>","protected":false},"featured_media":6098,"template":"","meta":[],"product_cat":[15,116],"product_tag":[],"_links":{"self":[{"href":"https:\/\/carolinapinilla.com\/en\/wp-json\/wp\/v2\/product\/5219"}],"collection":[{"href":"https:\/\/carolinapinilla.com\/en\/wp-json\/wp\/v2\/product"}],"about":[{"href":"https:\/\/carolinapinilla.com\/en\/wp-json\/wp\/v2\/types\/product"}],"version-history":[{"count":0,"href":"https:\/\/carolinapinilla.com\/en\/wp-json\/wp\/v2\/product\/5219\/revisions"}],"wp:featuredmedia":[{"embeddable":true,"href":"https:\/\/carolinapinilla.com\/en\/wp-json\/wp\/v2\/media\/6098"}],"wp:attachment":[{"href":"https:\/\/carolinapinilla.com\/en\/wp-json\/wp\/v2\/media?parent=5219"}],"wp:term":[{"taxonomy":"product_cat","embeddable":true,"href":"https:\/\/carolinapinilla.com\/en\/wp-json\/wp\/v2\/product_cat?post=5219"},{"taxonomy":"product_tag","embeddable":true,"href":"https:\/\/carolinapinilla.com\/en\/wp-json\/wp\/v2\/product_tag?post=5219"}],"curies":[{"name":"wp","href":"https:\/\/api.w.org\/{rel}","templated":true}]}}