{"id":5216,"date":"2021-07-02T14:13:35","date_gmt":"2021-07-02T19:13:35","guid":{"rendered":"https:\/\/store.carolinapinilla.com\/?post_type=product&#038;p=5216"},"modified":"2024-04-05T15:41:54","modified_gmt":"2024-04-05T20:41:54","slug":"mariana","status":"publish","type":"product","link":"https:\/\/carolinapinilla.com\/en\/productos\/mariana\/","title":{"rendered":"MARIANA"},"content":{"rendered":"","protected":false},"excerpt":{"rendered":"<p>Set con falda de dos boleros asim\u00e9trica, crop top de mangas largas con el\u00e1stico en cintura, print flores lila. Set que lo puedes combinar de diferentes formas con prendas b\u00e1sicas que tengas en el closet (camiseta, jeans, short, etc.).<\/p>","protected":false},"featured_media":6097,"template":"","meta":[],"product_cat":[15,116],"product_tag":[],"_links":{"self":[{"href":"https:\/\/carolinapinilla.com\/en\/wp-json\/wp\/v2\/product\/5216"}],"collection":[{"href":"https:\/\/carolinapinilla.com\/en\/wp-json\/wp\/v2\/product"}],"about":[{"href":"https:\/\/carolinapinilla.com\/en\/wp-json\/wp\/v2\/types\/product"}],"version-history":[{"count":0,"href":"https:\/\/carolinapinilla.com\/en\/wp-json\/wp\/v2\/product\/5216\/revisions"}],"wp:featuredmedia":[{"embeddable":true,"href":"https:\/\/carolinapinilla.com\/en\/wp-json\/wp\/v2\/media\/6097"}],"wp:attachment":[{"href":"https:\/\/carolinapinilla.com\/en\/wp-json\/wp\/v2\/media?parent=5216"}],"wp:term":[{"taxonomy":"product_cat","embeddable":true,"href":"https:\/\/carolinapinilla.com\/en\/wp-json\/wp\/v2\/product_cat?post=5216"},{"taxonomy":"product_tag","embeddable":true,"href":"https:\/\/carolinapinilla.com\/en\/wp-json\/wp\/v2\/product_tag?post=5216"}],"curies":[{"name":"wp","href":"https:\/\/api.w.org\/{rel}","templated":true}]}}