{"id":5213,"date":"2021-07-02T14:11:07","date_gmt":"2021-07-02T19:11:07","guid":{"rendered":"https:\/\/store.carolinapinilla.com\/?post_type=product&#038;p=5213"},"modified":"2024-04-05T15:42:40","modified_gmt":"2024-04-05T20:42:40","slug":"cassandra","status":"publish","type":"product","link":"https:\/\/carolinapinilla.com\/en\/productos\/cassandra\/","title":{"rendered":"CASSANDRA"},"content":{"rendered":"","protected":false},"excerpt":{"rendered":"<p>Set moderno de falda larga de 3 capas, crop top con el\u00e1stico en la espalda para horma precisa. Print p\u00e1jaros y nidos rosa. Set que lo puedes combinar de diferentes formas con prendas b\u00e1sicas que tengas en el closet (camiseta, jeans, short, etc.).<\/p>","protected":false},"featured_media":5631,"template":"","meta":[],"product_cat":[15,116],"product_tag":[],"_links":{"self":[{"href":"https:\/\/carolinapinilla.com\/en\/wp-json\/wp\/v2\/product\/5213"}],"collection":[{"href":"https:\/\/carolinapinilla.com\/en\/wp-json\/wp\/v2\/product"}],"about":[{"href":"https:\/\/carolinapinilla.com\/en\/wp-json\/wp\/v2\/types\/product"}],"version-history":[{"count":0,"href":"https:\/\/carolinapinilla.com\/en\/wp-json\/wp\/v2\/product\/5213\/revisions"}],"wp:featuredmedia":[{"embeddable":true,"href":"https:\/\/carolinapinilla.com\/en\/wp-json\/wp\/v2\/media\/5631"}],"wp:attachment":[{"href":"https:\/\/carolinapinilla.com\/en\/wp-json\/wp\/v2\/media?parent=5213"}],"wp:term":[{"taxonomy":"product_cat","embeddable":true,"href":"https:\/\/carolinapinilla.com\/en\/wp-json\/wp\/v2\/product_cat?post=5213"},{"taxonomy":"product_tag","embeddable":true,"href":"https:\/\/carolinapinilla.com\/en\/wp-json\/wp\/v2\/product_tag?post=5213"}],"curies":[{"name":"wp","href":"https:\/\/api.w.org\/{rel}","templated":true}]}}