{"id":5172,"date":"2021-07-02T11:29:10","date_gmt":"2021-07-02T16:29:10","guid":{"rendered":"https:\/\/store.carolinapinilla.com\/?post_type=product&#038;p=5172"},"modified":"2025-02-20T12:59:54","modified_gmt":"2025-02-20T17:59:54","slug":"leha","status":"publish","type":"product","link":"https:\/\/carolinapinilla.com\/en\/productos\/leha\/","title":{"rendered":"LEHA"},"content":{"rendered":"","protected":false},"excerpt":{"rendered":"<p>Set que te har\u00e1 lucir muy sensual con falda de dos boleros asim\u00e9trica, crop top de mangas largas on el\u00e1stico en la espalda para mejor ajuste al cuerpo, estampado isla azul.<\/p>","protected":false},"featured_media":5013,"template":"","meta":[],"product_cat":[152,150,15,116],"product_tag":[],"_links":{"self":[{"href":"https:\/\/carolinapinilla.com\/en\/wp-json\/wp\/v2\/product\/5172"}],"collection":[{"href":"https:\/\/carolinapinilla.com\/en\/wp-json\/wp\/v2\/product"}],"about":[{"href":"https:\/\/carolinapinilla.com\/en\/wp-json\/wp\/v2\/types\/product"}],"version-history":[{"count":0,"href":"https:\/\/carolinapinilla.com\/en\/wp-json\/wp\/v2\/product\/5172\/revisions"}],"wp:featuredmedia":[{"embeddable":true,"href":"https:\/\/carolinapinilla.com\/en\/wp-json\/wp\/v2\/media\/5013"}],"wp:attachment":[{"href":"https:\/\/carolinapinilla.com\/en\/wp-json\/wp\/v2\/media?parent=5172"}],"wp:term":[{"taxonomy":"product_cat","embeddable":true,"href":"https:\/\/carolinapinilla.com\/en\/wp-json\/wp\/v2\/product_cat?post=5172"},{"taxonomy":"product_tag","embeddable":true,"href":"https:\/\/carolinapinilla.com\/en\/wp-json\/wp\/v2\/product_tag?post=5172"}],"curies":[{"name":"wp","href":"https:\/\/api.w.org\/{rel}","templated":true}]}}