{"id":5166,"date":"2021-07-02T11:26:32","date_gmt":"2021-07-02T16:26:32","guid":{"rendered":"https:\/\/store.carolinapinilla.com\/?post_type=product&#038;p=5166"},"modified":"2024-04-05T15:40:56","modified_gmt":"2024-04-05T20:40:56","slug":"zahira","status":"publish","type":"product","link":"https:\/\/carolinapinilla.com\/en\/productos\/zahira\/","title":{"rendered":"ZAHIRA"},"content":{"rendered":"","protected":false},"excerpt":{"rendered":"<p>Set que te har\u00e1 lucir radiante y sensual con una falda de dos boleros y faj\u00f3n, crop top de mangas asimetr\u00edas prensadas, estampado isla negra.<\/p>","protected":false},"featured_media":5636,"template":"","meta":[],"product_cat":[15,116],"product_tag":[],"_links":{"self":[{"href":"https:\/\/carolinapinilla.com\/en\/wp-json\/wp\/v2\/product\/5166"}],"collection":[{"href":"https:\/\/carolinapinilla.com\/en\/wp-json\/wp\/v2\/product"}],"about":[{"href":"https:\/\/carolinapinilla.com\/en\/wp-json\/wp\/v2\/types\/product"}],"version-history":[{"count":0,"href":"https:\/\/carolinapinilla.com\/en\/wp-json\/wp\/v2\/product\/5166\/revisions"}],"wp:featuredmedia":[{"embeddable":true,"href":"https:\/\/carolinapinilla.com\/en\/wp-json\/wp\/v2\/media\/5636"}],"wp:attachment":[{"href":"https:\/\/carolinapinilla.com\/en\/wp-json\/wp\/v2\/media?parent=5166"}],"wp:term":[{"taxonomy":"product_cat","embeddable":true,"href":"https:\/\/carolinapinilla.com\/en\/wp-json\/wp\/v2\/product_cat?post=5166"},{"taxonomy":"product_tag","embeddable":true,"href":"https:\/\/carolinapinilla.com\/en\/wp-json\/wp\/v2\/product_tag?post=5166"}],"curies":[{"name":"wp","href":"https:\/\/api.w.org\/{rel}","templated":true}]}}