{"id":4827,"date":"2021-06-09T21:47:26","date_gmt":"2021-06-10T02:47:26","guid":{"rendered":"http:\/\/localhost\/carolina\/?post_type=product&#038;p=4827"},"modified":"2024-04-05T15:45:39","modified_gmt":"2024-04-05T20:45:39","slug":"pink-tropical-jungle","status":"publish","type":"product","link":"https:\/\/carolinapinilla.com\/en\/productos\/pink-tropical-jungle\/","title":{"rendered":"Pink Tropical Jungle"},"content":{"rendered":"","protected":false},"excerpt":{"rendered":"<p>Palmeras, primates y tucanes se junta en esta jungla llena de magia y alegr\u00eda d\u00e1ndole vida a este dise\u00f1o que tanto las enamora.<\/p>","protected":false},"featured_media":6093,"template":"","meta":[],"product_cat":[111],"product_tag":[],"_links":{"self":[{"href":"https:\/\/carolinapinilla.com\/en\/wp-json\/wp\/v2\/product\/4827"}],"collection":[{"href":"https:\/\/carolinapinilla.com\/en\/wp-json\/wp\/v2\/product"}],"about":[{"href":"https:\/\/carolinapinilla.com\/en\/wp-json\/wp\/v2\/types\/product"}],"version-history":[{"count":0,"href":"https:\/\/carolinapinilla.com\/en\/wp-json\/wp\/v2\/product\/4827\/revisions"}],"wp:featuredmedia":[{"embeddable":true,"href":"https:\/\/carolinapinilla.com\/en\/wp-json\/wp\/v2\/media\/6093"}],"wp:attachment":[{"href":"https:\/\/carolinapinilla.com\/en\/wp-json\/wp\/v2\/media?parent=4827"}],"wp:term":[{"taxonomy":"product_cat","embeddable":true,"href":"https:\/\/carolinapinilla.com\/en\/wp-json\/wp\/v2\/product_cat?post=4827"},{"taxonomy":"product_tag","embeddable":true,"href":"https:\/\/carolinapinilla.com\/en\/wp-json\/wp\/v2\/product_tag?post=4827"}],"curies":[{"name":"wp","href":"https:\/\/api.w.org\/{rel}","templated":true}]}}