{"id":4792,"date":"2021-06-09T21:31:08","date_gmt":"2021-06-10T02:31:08","guid":{"rendered":"http:\/\/localhost\/carolina\/?post_type=product&#038;p=4792"},"modified":"2025-11-27T17:03:21","modified_gmt":"2025-11-27T22:03:21","slug":"eucalyptus","status":"publish","type":"product","link":"https:\/\/carolinapinilla.com\/en\/productos\/eucalyptus\/","title":{"rendered":"Eucalyptus"},"content":{"rendered":"","protected":false},"excerpt":{"rendered":"<p>Inspirada por la naturaleza que nos rodea en el caribe colombiano, sus colores y aroma, as\u00ed se le da vida a este hermoso vestido que busca resaltar la belleza natural de mam\u00e1 e hija. Vestido fresco, muy c\u00f3modo y vers\u00e1til.<\/p>","protected":false},"featured_media":5645,"template":"","meta":[],"product_cat":[150,141,118,133,111],"product_tag":[],"_links":{"self":[{"href":"https:\/\/carolinapinilla.com\/en\/wp-json\/wp\/v2\/product\/4792"}],"collection":[{"href":"https:\/\/carolinapinilla.com\/en\/wp-json\/wp\/v2\/product"}],"about":[{"href":"https:\/\/carolinapinilla.com\/en\/wp-json\/wp\/v2\/types\/product"}],"version-history":[{"count":1,"href":"https:\/\/carolinapinilla.com\/en\/wp-json\/wp\/v2\/product\/4792\/revisions"}],"predecessor-version":[{"id":10987,"href":"https:\/\/carolinapinilla.com\/en\/wp-json\/wp\/v2\/product\/4792\/revisions\/10987"}],"wp:featuredmedia":[{"embeddable":true,"href":"https:\/\/carolinapinilla.com\/en\/wp-json\/wp\/v2\/media\/5645"}],"wp:attachment":[{"href":"https:\/\/carolinapinilla.com\/en\/wp-json\/wp\/v2\/media?parent=4792"}],"wp:term":[{"taxonomy":"product_cat","embeddable":true,"href":"https:\/\/carolinapinilla.com\/en\/wp-json\/wp\/v2\/product_cat?post=4792"},{"taxonomy":"product_tag","embeddable":true,"href":"https:\/\/carolinapinilla.com\/en\/wp-json\/wp\/v2\/product_tag?post=4792"}],"curies":[{"name":"wp","href":"https:\/\/api.w.org\/{rel}","templated":true}]}}