{"id":11432,"date":"2026-02-12T11:43:41","date_gmt":"2026-02-12T16:43:41","guid":{"rendered":"https:\/\/carolinapinilla.com\/?post_type=product&#038;p=11432"},"modified":"2026-02-12T11:43:42","modified_gmt":"2026-02-12T16:43:42","slug":"lumiere-top","status":"publish","type":"product","link":"https:\/\/carolinapinilla.com\/en\/productos\/lumiere-top\/","title":{"rendered":"LUMIERE TOP"},"content":{"rendered":"<p class=\"p1\"><span class=\"s1\">Blusa elaborada en lino estampado, con un print exclusivo dise\u00f1ado por nuestro equipo creativo. Su dise\u00f1o halter con delicado recogido en el cuello estiliza la silueta y aporta un aire sofisticado y femenino.<\/span><\/p>\n<p class=\"p1\"><span class=\"s1\">El estampado en tonos verdes sobre fondo claro resalta con elegancia, convirti\u00e9ndola en una pieza protagonista y vers\u00e1til, perfecta para looks frescos con identidad y distinci\u00f3n.<\/span><\/p>","protected":false},"excerpt":{"rendered":"<p>Blusa elaborada en lino estampado, con un print exclusivo dise\u00f1ado por nuestro equipo creativo. Su dise\u00f1o halter con delicado recogido en el cuello estiliza la silueta y aporta un aire sofisticado y femenino. El estampado en tonos verdes sobre fondo claro resalta con elegancia, convirti\u00e9ndola en una pieza protagonista y vers\u00e1til, perfecta para looks frescos&#8230;<\/p>","protected":false},"featured_media":11411,"template":"","meta":[],"product_cat":[158,166,15,116],"product_tag":[],"_links":{"self":[{"href":"https:\/\/carolinapinilla.com\/en\/wp-json\/wp\/v2\/product\/11432"}],"collection":[{"href":"https:\/\/carolinapinilla.com\/en\/wp-json\/wp\/v2\/product"}],"about":[{"href":"https:\/\/carolinapinilla.com\/en\/wp-json\/wp\/v2\/types\/product"}],"version-history":[{"count":1,"href":"https:\/\/carolinapinilla.com\/en\/wp-json\/wp\/v2\/product\/11432\/revisions"}],"predecessor-version":[{"id":11440,"href":"https:\/\/carolinapinilla.com\/en\/wp-json\/wp\/v2\/product\/11432\/revisions\/11440"}],"wp:featuredmedia":[{"embeddable":true,"href":"https:\/\/carolinapinilla.com\/en\/wp-json\/wp\/v2\/media\/11411"}],"wp:attachment":[{"href":"https:\/\/carolinapinilla.com\/en\/wp-json\/wp\/v2\/media?parent=11432"}],"wp:term":[{"taxonomy":"product_cat","embeddable":true,"href":"https:\/\/carolinapinilla.com\/en\/wp-json\/wp\/v2\/product_cat?post=11432"},{"taxonomy":"product_tag","embeddable":true,"href":"https:\/\/carolinapinilla.com\/en\/wp-json\/wp\/v2\/product_tag?post=11432"}],"curies":[{"name":"wp","href":"https:\/\/api.w.org\/{rel}","templated":true}]}}