{"id":11407,"date":"2026-02-12T11:19:25","date_gmt":"2026-02-12T16:19:25","guid":{"rendered":"https:\/\/carolinapinilla.com\/?post_type=product&#038;p=11407"},"modified":"2026-02-12T11:19:26","modified_gmt":"2026-02-12T16:19:26","slug":"pivone-blusa","status":"publish","type":"product","link":"https:\/\/carolinapinilla.com\/en\/productos\/pivone-blusa\/","title":{"rendered":"PIVONE BLUSA"},"content":{"rendered":"<p class=\"p1\"><span class=\"s1\">Blusa elaborada en chiffon de alta calidad, una tela ligera y et\u00e9rea que aporta movimiento y sofisticaci\u00f3n. Su dise\u00f1o de cuello alto aporta un aire refinado y atemporal, mientras que las mangas largas con sutil volumen y pu\u00f1o delicado equilibran la silueta con elegancia<\/span><\/p>","protected":false},"excerpt":{"rendered":"<p>Blusa elaborada en chiffon de alta calidad, una tela ligera y et\u00e9rea que aporta movimiento y sofisticaci\u00f3n. Su dise\u00f1o de cuello alto aporta un aire refinado y atemporal, mientras que las mangas largas con sutil volumen y pu\u00f1o delicado equilibran la silueta con elegancia<\/p>","protected":false},"featured_media":11412,"template":"","meta":[],"product_cat":[158,166,15,116],"product_tag":[],"_links":{"self":[{"href":"https:\/\/carolinapinilla.com\/en\/wp-json\/wp\/v2\/product\/11407"}],"collection":[{"href":"https:\/\/carolinapinilla.com\/en\/wp-json\/wp\/v2\/product"}],"about":[{"href":"https:\/\/carolinapinilla.com\/en\/wp-json\/wp\/v2\/types\/product"}],"version-history":[{"count":1,"href":"https:\/\/carolinapinilla.com\/en\/wp-json\/wp\/v2\/product\/11407\/revisions"}],"predecessor-version":[{"id":11418,"href":"https:\/\/carolinapinilla.com\/en\/wp-json\/wp\/v2\/product\/11407\/revisions\/11418"}],"wp:featuredmedia":[{"embeddable":true,"href":"https:\/\/carolinapinilla.com\/en\/wp-json\/wp\/v2\/media\/11412"}],"wp:attachment":[{"href":"https:\/\/carolinapinilla.com\/en\/wp-json\/wp\/v2\/media?parent=11407"}],"wp:term":[{"taxonomy":"product_cat","embeddable":true,"href":"https:\/\/carolinapinilla.com\/en\/wp-json\/wp\/v2\/product_cat?post=11407"},{"taxonomy":"product_tag","embeddable":true,"href":"https:\/\/carolinapinilla.com\/en\/wp-json\/wp\/v2\/product_tag?post=11407"}],"curies":[{"name":"wp","href":"https:\/\/api.w.org\/{rel}","templated":true}]}}