{"id":11284,"date":"2026-01-03T11:15:36","date_gmt":"2026-01-03T16:15:36","guid":{"rendered":"https:\/\/carolinapinilla.com\/?post_type=product&#038;p=11284"},"modified":"2026-03-25T11:52:31","modified_gmt":"2026-03-25T16:52:31","slug":"claire","status":"publish","type":"product","link":"https:\/\/carolinapinilla.com\/en\/productos\/claire\/","title":{"rendered":"CLAIRE"},"content":{"rendered":"<p>Vestido largo de silueta estilizada, confeccionado en una delicada malla con estampado floral de la Riviera Francesa exclusivo, dise\u00f1ado especialmente para la marca. Su escote protagonista, con p\u00e9talos estructurados y finos tirantes, evoca jardines en flor ba\u00f1ados por el sol del Mediterr\u00e1neo, mientras el corte al cuerpo realza la figura con sofisticaci\u00f3n y sensualidad. La ca\u00edda fluida y los detalles artesanales aportan movimiento, frescura y un aire et\u00e9reo a la pieza<\/p>","protected":false},"excerpt":{"rendered":"<p>Vestido largo de silueta estilizada, confeccionado en una delicada malla con estampado floral de la Riviera Francesa exclusivo, dise\u00f1ado especialmente para la marca. Su escote protagonista, con p\u00e9talos estructurados y finos tirantes, evoca jardines en flor ba\u00f1ados por el sol del Mediterr\u00e1neo, mientras el corte al cuerpo realza la figura con sofisticaci\u00f3n y sensualidad. La&#8230;<\/p>","protected":false},"featured_media":11130,"template":"","meta":[],"product_cat":[166,15,117],"product_tag":[],"_links":{"self":[{"href":"https:\/\/carolinapinilla.com\/en\/wp-json\/wp\/v2\/product\/11284"}],"collection":[{"href":"https:\/\/carolinapinilla.com\/en\/wp-json\/wp\/v2\/product"}],"about":[{"href":"https:\/\/carolinapinilla.com\/en\/wp-json\/wp\/v2\/types\/product"}],"version-history":[{"count":1,"href":"https:\/\/carolinapinilla.com\/en\/wp-json\/wp\/v2\/product\/11284\/revisions"}],"predecessor-version":[{"id":11288,"href":"https:\/\/carolinapinilla.com\/en\/wp-json\/wp\/v2\/product\/11284\/revisions\/11288"}],"wp:featuredmedia":[{"embeddable":true,"href":"https:\/\/carolinapinilla.com\/en\/wp-json\/wp\/v2\/media\/11130"}],"wp:attachment":[{"href":"https:\/\/carolinapinilla.com\/en\/wp-json\/wp\/v2\/media?parent=11284"}],"wp:term":[{"taxonomy":"product_cat","embeddable":true,"href":"https:\/\/carolinapinilla.com\/en\/wp-json\/wp\/v2\/product_cat?post=11284"},{"taxonomy":"product_tag","embeddable":true,"href":"https:\/\/carolinapinilla.com\/en\/wp-json\/wp\/v2\/product_tag?post=11284"}],"curies":[{"name":"wp","href":"https:\/\/api.w.org\/{rel}","templated":true}]}}