{"id":11199,"date":"2025-12-26T23:32:19","date_gmt":"2025-12-27T04:32:19","guid":{"rendered":"https:\/\/carolinapinilla.com\/?post_type=product&#038;p=11199"},"modified":"2026-03-14T15:07:25","modified_gmt":"2026-03-14T20:07:25","slug":"dazur","status":"publish","type":"product","link":"https:\/\/carolinapinilla.com\/en\/productos\/dazur\/","title":{"rendered":"DAZUR"},"content":{"rendered":"<p class=\"p1\"><span class=\"s1\">Este vestido largo confeccionado en <\/span><span class=\"s2\">lycra destellante color azul petr\u00f3leo<\/span><span class=\"s1\"> destaca por su brillo sutil y elegancia atemporal. El dise\u00f1o presenta un escote halter y una espectacular <\/span><span class=\"s2\">flor confeccionada \u00edntegramente a mano<\/span><span class=\"s1\"> con delicadas puntadas que aportan un relieve \u00fanico y sofisticado a la prenda.<\/span><\/p>","protected":false},"excerpt":{"rendered":"<p>Este vestido largo confeccionado en lycra destellante color azul petr\u00f3leo destaca por su brillo sutil y elegancia atemporal. El dise\u00f1o presenta un escote halter y una espectacular flor confeccionada \u00edntegramente a mano con delicadas puntadas que aportan un relieve \u00fanico y sofisticado a la prenda.<\/p>","protected":false},"featured_media":11501,"template":"","meta":[],"product_cat":[166,15,117],"product_tag":[],"_links":{"self":[{"href":"https:\/\/carolinapinilla.com\/en\/wp-json\/wp\/v2\/product\/11199"}],"collection":[{"href":"https:\/\/carolinapinilla.com\/en\/wp-json\/wp\/v2\/product"}],"about":[{"href":"https:\/\/carolinapinilla.com\/en\/wp-json\/wp\/v2\/types\/product"}],"version-history":[{"count":1,"href":"https:\/\/carolinapinilla.com\/en\/wp-json\/wp\/v2\/product\/11199\/revisions"}],"predecessor-version":[{"id":11204,"href":"https:\/\/carolinapinilla.com\/en\/wp-json\/wp\/v2\/product\/11199\/revisions\/11204"}],"wp:featuredmedia":[{"embeddable":true,"href":"https:\/\/carolinapinilla.com\/en\/wp-json\/wp\/v2\/media\/11501"}],"wp:attachment":[{"href":"https:\/\/carolinapinilla.com\/en\/wp-json\/wp\/v2\/media?parent=11199"}],"wp:term":[{"taxonomy":"product_cat","embeddable":true,"href":"https:\/\/carolinapinilla.com\/en\/wp-json\/wp\/v2\/product_cat?post=11199"},{"taxonomy":"product_tag","embeddable":true,"href":"https:\/\/carolinapinilla.com\/en\/wp-json\/wp\/v2\/product_tag?post=11199"}],"curies":[{"name":"wp","href":"https:\/\/api.w.org\/{rel}","templated":true}]}}