{"id":11163,"date":"2025-12-26T23:10:02","date_gmt":"2025-12-27T04:10:02","guid":{"rendered":"https:\/\/carolinapinilla.com\/?post_type=product&#038;p=11163"},"modified":"2026-03-14T14:59:31","modified_gmt":"2026-03-14T19:59:31","slug":"sylvester-top","status":"publish","type":"product","link":"https:\/\/carolinapinilla.com\/en\/productos\/sylvester-top\/","title":{"rendered":"SYLVESTER TOP"},"content":{"rendered":"<p class=\"p1\"><span class=\"s1\">Este top nido de abeja confeccionado con <\/span><span class=\"s2\">hilos el\u00e1sticos<\/span><span class=\"s1\"> presenta un dise\u00f1o totalmente recogido que se ajusta a la silueta con comodidad y frescura. Destaca su <\/span><span class=\"s2\">print exclusivo<\/span><span class=\"s1\"> de inspiraci\u00f3n floral en tonos azules y tierra que evoca el encanto de la <\/span><span class=\"s2\">Riviera francesa<\/span><span class=\"s1\">, complementado con tirantes de lazo ajustables que aportan un toque femenino y vers\u00e1til.<\/span><\/p>\n<p>Material: Lino<\/p>","protected":false},"excerpt":{"rendered":"<p>Este top nido de abeja confeccionado con hilos el\u00e1sticos presenta un dise\u00f1o totalmente recogido que se ajusta a la silueta con comodidad y frescura. Destaca su print exclusivo de inspiraci\u00f3n floral en tonos azules y tierra que evoca el encanto de la Riviera francesa, complementado con tirantes de lazo ajustables que aportan un toque femenino&#8230;<\/p>","protected":false},"featured_media":11127,"template":"","meta":[],"product_cat":[158,166,15,116],"product_tag":[],"_links":{"self":[{"href":"https:\/\/carolinapinilla.com\/en\/wp-json\/wp\/v2\/product\/11163"}],"collection":[{"href":"https:\/\/carolinapinilla.com\/en\/wp-json\/wp\/v2\/product"}],"about":[{"href":"https:\/\/carolinapinilla.com\/en\/wp-json\/wp\/v2\/types\/product"}],"version-history":[{"count":3,"href":"https:\/\/carolinapinilla.com\/en\/wp-json\/wp\/v2\/product\/11163\/revisions"}],"predecessor-version":[{"id":11171,"href":"https:\/\/carolinapinilla.com\/en\/wp-json\/wp\/v2\/product\/11163\/revisions\/11171"}],"wp:featuredmedia":[{"embeddable":true,"href":"https:\/\/carolinapinilla.com\/en\/wp-json\/wp\/v2\/media\/11127"}],"wp:attachment":[{"href":"https:\/\/carolinapinilla.com\/en\/wp-json\/wp\/v2\/media?parent=11163"}],"wp:term":[{"taxonomy":"product_cat","embeddable":true,"href":"https:\/\/carolinapinilla.com\/en\/wp-json\/wp\/v2\/product_cat?post=11163"},{"taxonomy":"product_tag","embeddable":true,"href":"https:\/\/carolinapinilla.com\/en\/wp-json\/wp\/v2\/product_tag?post=11163"}],"curies":[{"name":"wp","href":"https:\/\/api.w.org\/{rel}","templated":true}]}}