{"id":11055,"date":"2025-12-26T13:11:07","date_gmt":"2025-12-26T18:11:07","guid":{"rendered":"https:\/\/carolinapinilla.com\/?post_type=product&#038;p=11055"},"modified":"2026-03-14T14:37:18","modified_gmt":"2026-03-14T19:37:18","slug":"jardin-bleu-top","status":"publish","type":"product","link":"https:\/\/carolinapinilla.com\/en\/productos\/jardin-bleu-top\/","title":{"rendered":"JARDIN BLEU TOP"},"content":{"rendered":"<p class=\"p1\"><span class=\"s1\">Una pieza que captura la elegancia fresca y luminosa de la <\/span><span class=\"s2\">Riviera francesa<\/span><span class=\"s1\">, inspirada en sus jardines florales, la brisa del Mediterr\u00e1neo y el encanto natural del sur de Francia. Este dise\u00f1o destaca por su <\/span><span class=\"s2\">print floral exclusivo<\/span><span class=\"s1\">, creado especialmente para esta colecci\u00f3n y \u00fanico de la marca.<\/span><\/p>\n<p>Material: lino.<\/p>","protected":false},"excerpt":{"rendered":"<p>Una pieza que captura la elegancia fresca y luminosa de la Riviera francesa, inspirada en sus jardines florales, la brisa del Mediterr\u00e1neo y el encanto natural del sur de Francia. Este dise\u00f1o destaca por su print floral exclusivo, creado especialmente para esta colecci\u00f3n y \u00fanico de la marca. Material: lino.<\/p>","protected":false},"featured_media":11487,"template":"","meta":[],"product_cat":[158,166,15,116],"product_tag":[],"_links":{"self":[{"href":"https:\/\/carolinapinilla.com\/en\/wp-json\/wp\/v2\/product\/11055"}],"collection":[{"href":"https:\/\/carolinapinilla.com\/en\/wp-json\/wp\/v2\/product"}],"about":[{"href":"https:\/\/carolinapinilla.com\/en\/wp-json\/wp\/v2\/types\/product"}],"version-history":[{"count":1,"href":"https:\/\/carolinapinilla.com\/en\/wp-json\/wp\/v2\/product\/11055\/revisions"}],"predecessor-version":[{"id":11066,"href":"https:\/\/carolinapinilla.com\/en\/wp-json\/wp\/v2\/product\/11055\/revisions\/11066"}],"wp:featuredmedia":[{"embeddable":true,"href":"https:\/\/carolinapinilla.com\/en\/wp-json\/wp\/v2\/media\/11487"}],"wp:attachment":[{"href":"https:\/\/carolinapinilla.com\/en\/wp-json\/wp\/v2\/media?parent=11055"}],"wp:term":[{"taxonomy":"product_cat","embeddable":true,"href":"https:\/\/carolinapinilla.com\/en\/wp-json\/wp\/v2\/product_cat?post=11055"},{"taxonomy":"product_tag","embeddable":true,"href":"https:\/\/carolinapinilla.com\/en\/wp-json\/wp\/v2\/product_tag?post=11055"}],"curies":[{"name":"wp","href":"https:\/\/api.w.org\/{rel}","templated":true}]}}