{"id":10821,"date":"2025-10-29T11:19:47","date_gmt":"2025-10-29T16:19:47","guid":{"rendered":"http:\/\/carolinapinilla.com\/?post_type=product&#038;p=10821"},"modified":"2025-10-29T11:19:47","modified_gmt":"2025-10-29T16:19:47","slug":"falda-macramia","status":"publish","type":"product","link":"https:\/\/carolinapinilla.com\/en\/productos\/falda-macramia\/","title":{"rendered":"FALDA MACRAMIA"},"content":{"rendered":"<p>Hecha 100% a mano con hilos de origen natural y Colombiano, una pieza que toma entre 8 y 10 horas de dedicaci\u00f3n artesanal, creada por nuestros artesanos Colombianos, convirti\u00e9ndola en un tesoro \u00fanico y atemporal.<\/p>\n<p>Material: hilo guajiro, t\u00e9cnicas macram\u00e9 y crochet<\/p>","protected":false},"excerpt":{"rendered":"<p>Hecha 100% a mano con hilos de origen natural y Colombiano, una pieza que toma entre 8 y 10 horas de dedicaci\u00f3n artesanal, creada por nuestros artesanos Colombianos, convirti\u00e9ndola en un tesoro \u00fanico y atemporal. Material: hilo guajiro, t\u00e9cnicas macram\u00e9 y crochet<\/p>","protected":false},"featured_media":10828,"template":"","meta":[],"product_cat":[157,15,115],"product_tag":[],"_links":{"self":[{"href":"https:\/\/carolinapinilla.com\/en\/wp-json\/wp\/v2\/product\/10821"}],"collection":[{"href":"https:\/\/carolinapinilla.com\/en\/wp-json\/wp\/v2\/product"}],"about":[{"href":"https:\/\/carolinapinilla.com\/en\/wp-json\/wp\/v2\/types\/product"}],"version-history":[{"count":0,"href":"https:\/\/carolinapinilla.com\/en\/wp-json\/wp\/v2\/product\/10821\/revisions"}],"wp:featuredmedia":[{"embeddable":true,"href":"https:\/\/carolinapinilla.com\/en\/wp-json\/wp\/v2\/media\/10828"}],"wp:attachment":[{"href":"https:\/\/carolinapinilla.com\/en\/wp-json\/wp\/v2\/media?parent=10821"}],"wp:term":[{"taxonomy":"product_cat","embeddable":true,"href":"https:\/\/carolinapinilla.com\/en\/wp-json\/wp\/v2\/product_cat?post=10821"},{"taxonomy":"product_tag","embeddable":true,"href":"https:\/\/carolinapinilla.com\/en\/wp-json\/wp\/v2\/product_tag?post=10821"}],"curies":[{"name":"wp","href":"https:\/\/api.w.org\/{rel}","templated":true}]}}