{"id":10761,"date":"2025-10-04T13:03:54","date_gmt":"2025-10-04T18:03:54","guid":{"rendered":"http:\/\/carolinapinilla.com\/?post_type=product&#038;p=10761"},"modified":"2025-10-04T13:03:54","modified_gmt":"2025-10-04T18:03:54","slug":"chloe-dress-mommy","status":"publish","type":"product","link":"https:\/\/carolinapinilla.com\/en\/productos\/chloe-dress-mommy\/","title":{"rendered":"CHLOE DRESS MOMMY"},"content":{"rendered":"<p class=\"p1\"><span class=\"s1\">Vestidos mujer, match para mam\u00e1 e hija elaborado en ojalillo ivory, con detalle de nido de abeja y volantes delicados. Un dise\u00f1o que celebra la uni\u00f3n, la dulzura y la elegancia natural en cada momento compartido.<\/span><\/p>\n<p>Material: Ojalillo 100% algod\u00f3n.<\/p>","protected":false},"excerpt":{"rendered":"<p>Vestidos mujer, match para mam\u00e1 e hija elaborado en ojalillo ivory, con detalle de nido de abeja y volantes delicados. Un dise\u00f1o que celebra la uni\u00f3n, la dulzura y la elegancia natural en cada momento compartido. Material: Ojalillo 100% algod\u00f3n.<\/p>","protected":false},"featured_media":10753,"template":"","meta":[],"product_cat":[164,15,117,133],"product_tag":[],"_links":{"self":[{"href":"https:\/\/carolinapinilla.com\/en\/wp-json\/wp\/v2\/product\/10761"}],"collection":[{"href":"https:\/\/carolinapinilla.com\/en\/wp-json\/wp\/v2\/product"}],"about":[{"href":"https:\/\/carolinapinilla.com\/en\/wp-json\/wp\/v2\/types\/product"}],"version-history":[{"count":0,"href":"https:\/\/carolinapinilla.com\/en\/wp-json\/wp\/v2\/product\/10761\/revisions"}],"wp:featuredmedia":[{"embeddable":true,"href":"https:\/\/carolinapinilla.com\/en\/wp-json\/wp\/v2\/media\/10753"}],"wp:attachment":[{"href":"https:\/\/carolinapinilla.com\/en\/wp-json\/wp\/v2\/media?parent=10761"}],"wp:term":[{"taxonomy":"product_cat","embeddable":true,"href":"https:\/\/carolinapinilla.com\/en\/wp-json\/wp\/v2\/product_cat?post=10761"},{"taxonomy":"product_tag","embeddable":true,"href":"https:\/\/carolinapinilla.com\/en\/wp-json\/wp\/v2\/product_tag?post=10761"}],"curies":[{"name":"wp","href":"https:\/\/api.w.org\/{rel}","templated":true}]}}