{"id":10751,"date":"2025-10-04T12:54:44","date_gmt":"2025-10-04T17:54:44","guid":{"rendered":"http:\/\/carolinapinilla.com\/?post_type=product&#038;p=10751"},"modified":"2025-10-04T12:54:44","modified_gmt":"2025-10-04T17:54:44","slug":"chloe-dress-kids","status":"publish","type":"product","link":"https:\/\/carolinapinilla.com\/en\/productos\/chloe-dress-kids\/","title":{"rendered":"CHLOE DRESS KIDS"},"content":{"rendered":"<p class=\"p1\"><span class=\"s1\">Vestidos corto de ni\u00f1a elaborado en ojalillo ivory, con detalle de nido de abeja y volantes delicados. Un dise\u00f1o que celebra la uni\u00f3n, la dulzura y la elegancia natural en cada momento compartido.<\/span><\/p>\n<p>Material: ojalillo 100% algod\u00f3n.<\/p>","protected":false},"excerpt":{"rendered":"<p>Vestidos corto de ni\u00f1a elaborado en ojalillo ivory, con detalle de nido de abeja y volantes delicados. Un dise\u00f1o que celebra la uni\u00f3n, la dulzura y la elegancia natural en cada momento compartido. Material: ojalillo 100% algod\u00f3n.<\/p>","protected":false},"featured_media":10752,"template":"","meta":[],"product_cat":[164,133,108,110],"product_tag":[],"_links":{"self":[{"href":"https:\/\/carolinapinilla.com\/en\/wp-json\/wp\/v2\/product\/10751"}],"collection":[{"href":"https:\/\/carolinapinilla.com\/en\/wp-json\/wp\/v2\/product"}],"about":[{"href":"https:\/\/carolinapinilla.com\/en\/wp-json\/wp\/v2\/types\/product"}],"version-history":[{"count":0,"href":"https:\/\/carolinapinilla.com\/en\/wp-json\/wp\/v2\/product\/10751\/revisions"}],"wp:featuredmedia":[{"embeddable":true,"href":"https:\/\/carolinapinilla.com\/en\/wp-json\/wp\/v2\/media\/10752"}],"wp:attachment":[{"href":"https:\/\/carolinapinilla.com\/en\/wp-json\/wp\/v2\/media?parent=10751"}],"wp:term":[{"taxonomy":"product_cat","embeddable":true,"href":"https:\/\/carolinapinilla.com\/en\/wp-json\/wp\/v2\/product_cat?post=10751"},{"taxonomy":"product_tag","embeddable":true,"href":"https:\/\/carolinapinilla.com\/en\/wp-json\/wp\/v2\/product_tag?post=10751"}],"curies":[{"name":"wp","href":"https:\/\/api.w.org\/{rel}","templated":true}]}}