{"id":10707,"date":"2025-10-03T17:03:09","date_gmt":"2025-10-03T22:03:09","guid":{"rendered":"http:\/\/carolinapinilla.com\/?post_type=product&#038;p=10707"},"modified":"2025-10-03T17:03:09","modified_gmt":"2025-10-03T22:03:09","slug":"set-iris-kids","status":"publish","type":"product","link":"https:\/\/carolinapinilla.com\/en\/productos\/set-iris-kids\/","title":{"rendered":"SET IRIS KIDS"},"content":{"rendered":"<p class=\"p1\"><span class=\"s1\">Set de top con volantes y pantal\u00f3n amplio estampado floral y arcos romanos exclusivo de la marca.<\/span><\/p>\n<p class=\"p1\"><span class=\"s2\">Un look fresco, divertido y c\u00f3modo que combina movimiento y estilo para las m\u00e1s peque\u00f1as.<\/span><\/p>\n<p>Material: lino<\/p>","protected":false},"excerpt":{"rendered":"<p>Set de top con volantes y pantal\u00f3n amplio estampado floral y arcos romanos exclusivo de la marca. Un look fresco, divertido y c\u00f3modo que combina movimiento y estilo para las m\u00e1s peque\u00f1as. Material: lino<\/p>","protected":false},"featured_media":10708,"template":"","meta":[],"product_cat":[164,133,108,110],"product_tag":[],"_links":{"self":[{"href":"https:\/\/carolinapinilla.com\/en\/wp-json\/wp\/v2\/product\/10707"}],"collection":[{"href":"https:\/\/carolinapinilla.com\/en\/wp-json\/wp\/v2\/product"}],"about":[{"href":"https:\/\/carolinapinilla.com\/en\/wp-json\/wp\/v2\/types\/product"}],"version-history":[{"count":0,"href":"https:\/\/carolinapinilla.com\/en\/wp-json\/wp\/v2\/product\/10707\/revisions"}],"wp:featuredmedia":[{"embeddable":true,"href":"https:\/\/carolinapinilla.com\/en\/wp-json\/wp\/v2\/media\/10708"}],"wp:attachment":[{"href":"https:\/\/carolinapinilla.com\/en\/wp-json\/wp\/v2\/media?parent=10707"}],"wp:term":[{"taxonomy":"product_cat","embeddable":true,"href":"https:\/\/carolinapinilla.com\/en\/wp-json\/wp\/v2\/product_cat?post=10707"},{"taxonomy":"product_tag","embeddable":true,"href":"https:\/\/carolinapinilla.com\/en\/wp-json\/wp\/v2\/product_tag?post=10707"}],"curies":[{"name":"wp","href":"https:\/\/api.w.org\/{rel}","templated":true}]}}