{"id":10557,"date":"2025-09-01T09:04:17","date_gmt":"2025-09-01T14:04:17","guid":{"rendered":"http:\/\/carolinapinilla.com\/?post_type=product&#038;p=10557"},"modified":"2025-09-03T22:50:23","modified_gmt":"2025-09-04T03:50:23","slug":"atrio-falda-short","status":"publish","type":"product","link":"https:\/\/carolinapinilla.com\/en\/productos\/atrio-falda-short\/","title":{"rendered":"ATRIO FALDA\/SHORT"},"content":{"rendered":"<p class=\"p1\"><span class=\"s1\">Falda-short en tono terracota con bordado bot\u00e1nico. Su dise\u00f1o envolvente con amarre lateral y borde en contraste combina comodidad y estilo, creando una silueta femenina y vers\u00e1til. Una pieza pr\u00e1ctica y elegante dise\u00f1ada para destacar.<\/span><\/p>\n<p>Material: Algod\u00f3n bordado.<\/p>","protected":false},"excerpt":{"rendered":"<p>Falda-short en tono terracota con bordado bot\u00e1nico. Su dise\u00f1o envolvente con amarre lateral y borde en contraste combina comodidad y estilo, creando una silueta femenina y vers\u00e1til. Una pieza pr\u00e1ctica y elegante dise\u00f1ada para destacar. Material: Algod\u00f3n bordado.<\/p>","protected":false},"featured_media":10547,"template":"","meta":[],"product_cat":[157,15,115,116,137],"product_tag":[],"_links":{"self":[{"href":"https:\/\/carolinapinilla.com\/en\/wp-json\/wp\/v2\/product\/10557"}],"collection":[{"href":"https:\/\/carolinapinilla.com\/en\/wp-json\/wp\/v2\/product"}],"about":[{"href":"https:\/\/carolinapinilla.com\/en\/wp-json\/wp\/v2\/types\/product"}],"version-history":[{"count":0,"href":"https:\/\/carolinapinilla.com\/en\/wp-json\/wp\/v2\/product\/10557\/revisions"}],"wp:featuredmedia":[{"embeddable":true,"href":"https:\/\/carolinapinilla.com\/en\/wp-json\/wp\/v2\/media\/10547"}],"wp:attachment":[{"href":"https:\/\/carolinapinilla.com\/en\/wp-json\/wp\/v2\/media?parent=10557"}],"wp:term":[{"taxonomy":"product_cat","embeddable":true,"href":"https:\/\/carolinapinilla.com\/en\/wp-json\/wp\/v2\/product_cat?post=10557"},{"taxonomy":"product_tag","embeddable":true,"href":"https:\/\/carolinapinilla.com\/en\/wp-json\/wp\/v2\/product_tag?post=10557"}],"curies":[{"name":"wp","href":"https:\/\/api.w.org\/{rel}","templated":true}]}}