{"id":10546,"date":"2025-09-01T08:58:44","date_gmt":"2025-09-01T13:58:44","guid":{"rendered":"http:\/\/carolinapinilla.com\/?post_type=product&#038;p=10546"},"modified":"2025-09-03T22:38:01","modified_gmt":"2025-09-04T03:38:01","slug":"atrio-top","status":"publish","type":"product","link":"https:\/\/carolinapinilla.com\/en\/productos\/atrio-top\/","title":{"rendered":"ATRIO TOP"},"content":{"rendered":"<p class=\"p1\"><span class=\"s1\">Camisa manga corta en tono terracota con delicado bordado bot\u00e1nico. Su silueta recta y fresca se realza con cuello en contraste y pu\u00f1os doblados, logrando un equilibrio entre lo casual y lo elegante. Una prenda vers\u00e1til que combina comodidad.<\/span><\/p>\n<p class=\"p1\"><span class=\"s1\">Material: Algod\u00f3n Bordado.<\/span><\/p>","protected":false},"excerpt":{"rendered":"<p>Camisa manga corta en tono terracota con delicado bordado bot\u00e1nico. Su silueta recta y fresca se realza con cuello en contraste y pu\u00f1os doblados, logrando un equilibrio entre lo casual y lo elegante. Una prenda vers\u00e1til que combina comodidad. Material: Algod\u00f3n Bordado.<\/p>","protected":false},"featured_media":10549,"template":"","meta":[],"product_cat":[158,157,15,116,136,118],"product_tag":[],"_links":{"self":[{"href":"https:\/\/carolinapinilla.com\/en\/wp-json\/wp\/v2\/product\/10546"}],"collection":[{"href":"https:\/\/carolinapinilla.com\/en\/wp-json\/wp\/v2\/product"}],"about":[{"href":"https:\/\/carolinapinilla.com\/en\/wp-json\/wp\/v2\/types\/product"}],"version-history":[{"count":0,"href":"https:\/\/carolinapinilla.com\/en\/wp-json\/wp\/v2\/product\/10546\/revisions"}],"wp:featuredmedia":[{"embeddable":true,"href":"https:\/\/carolinapinilla.com\/en\/wp-json\/wp\/v2\/media\/10549"}],"wp:attachment":[{"href":"https:\/\/carolinapinilla.com\/en\/wp-json\/wp\/v2\/media?parent=10546"}],"wp:term":[{"taxonomy":"product_cat","embeddable":true,"href":"https:\/\/carolinapinilla.com\/en\/wp-json\/wp\/v2\/product_cat?post=10546"},{"taxonomy":"product_tag","embeddable":true,"href":"https:\/\/carolinapinilla.com\/en\/wp-json\/wp\/v2\/product_tag?post=10546"}],"curies":[{"name":"wp","href":"https:\/\/api.w.org\/{rel}","templated":true}]}}