{"id":10425,"date":"2025-08-30T20:49:19","date_gmt":"2025-08-31T01:49:19","guid":{"rendered":"http:\/\/carolinapinilla.com\/?post_type=product&#038;p=10425"},"modified":"2025-09-04T16:51:21","modified_gmt":"2025-09-04T21:51:21","slug":"acropolis-pantalon","status":"publish","type":"product","link":"https:\/\/carolinapinilla.com\/en\/productos\/acropolis-pantalon\/","title":{"rendered":"ACROPOLIS PANTAL\u00d3N"},"content":{"rendered":"<p class=\"p1\"><span class=\"s1\">Pantal\u00f3n de silueta amplia y de ca\u00edda elegante con <\/span><span class=\"s2\">print exclusivo de inspiraci\u00f3n del acr\u00f3polis griegos y detalles florales<\/span><span class=\"s1\">, una fusi\u00f3n de arquitectura cl\u00e1sica y naturaleza que aporta distinci\u00f3n y originalidad a cada paso.<\/span><\/p>\n<p>Material: Lino.<\/p>","protected":false},"excerpt":{"rendered":"<p>Pantal\u00f3n de silueta amplia y de ca\u00edda elegante con print exclusivo de inspiraci\u00f3n del acr\u00f3polis griegos y detalles florales, una fusi\u00f3n de arquitectura cl\u00e1sica y naturaleza que aporta distinci\u00f3n y originalidad a cada paso. Material: Lino.<\/p>","protected":false},"featured_media":10418,"template":"","meta":[],"product_cat":[158,157,15,116,136,118],"product_tag":[],"_links":{"self":[{"href":"https:\/\/carolinapinilla.com\/en\/wp-json\/wp\/v2\/product\/10425"}],"collection":[{"href":"https:\/\/carolinapinilla.com\/en\/wp-json\/wp\/v2\/product"}],"about":[{"href":"https:\/\/carolinapinilla.com\/en\/wp-json\/wp\/v2\/types\/product"}],"version-history":[{"count":0,"href":"https:\/\/carolinapinilla.com\/en\/wp-json\/wp\/v2\/product\/10425\/revisions"}],"wp:featuredmedia":[{"embeddable":true,"href":"https:\/\/carolinapinilla.com\/en\/wp-json\/wp\/v2\/media\/10418"}],"wp:attachment":[{"href":"https:\/\/carolinapinilla.com\/en\/wp-json\/wp\/v2\/media?parent=10425"}],"wp:term":[{"taxonomy":"product_cat","embeddable":true,"href":"https:\/\/carolinapinilla.com\/en\/wp-json\/wp\/v2\/product_cat?post=10425"},{"taxonomy":"product_tag","embeddable":true,"href":"https:\/\/carolinapinilla.com\/en\/wp-json\/wp\/v2\/product_tag?post=10425"}],"curies":[{"name":"wp","href":"https:\/\/api.w.org\/{rel}","templated":true}]}}