{"id":10413,"date":"2025-08-30T20:45:02","date_gmt":"2025-08-31T01:45:02","guid":{"rendered":"http:\/\/carolinapinilla.com\/?post_type=product&#038;p=10413"},"modified":"2025-09-04T16:52:20","modified_gmt":"2025-09-04T21:52:20","slug":"acropolis-top","status":"publish","type":"product","link":"https:\/\/carolinapinilla.com\/en\/productos\/acropolis-top\/","title":{"rendered":"ACROPOLIS TOP"},"content":{"rendered":"<p class=\"p1\"><span class=\"s1\">Top tipo chaleco con silueta moderna y botones frontales met\u00e1licos color dorado mate, realzado por un <\/span><span class=\"s2\">print exclusivo de la marca para la colecci\u00f3n vestalia, inspirado en el acr\u00f3polis griego, espec\u00edficamente el parten\u00f3n m\u00e1s algunos detalles bot\u00e1nicos<\/span><span class=\"s1\">, que convierte cada pieza en una obra de arte \u00fanica y sofisticada.<\/span><\/p>\n<p>Material: Lino.<\/p>","protected":false},"excerpt":{"rendered":"<p>Top tipo chaleco con silueta moderna y botones frontales met\u00e1licos color dorado mate, realzado por un print exclusivo de la marca para la colecci\u00f3n vestalia, inspirado en el acr\u00f3polis griego, espec\u00edficamente el parten\u00f3n m\u00e1s algunos detalles bot\u00e1nicos, que convierte cada pieza en una obra de arte \u00fanica y sofisticada. Material: Lino.<\/p>","protected":false},"featured_media":10420,"template":"","meta":[],"product_cat":[158,157,15,116,136,118],"product_tag":[],"_links":{"self":[{"href":"https:\/\/carolinapinilla.com\/en\/wp-json\/wp\/v2\/product\/10413"}],"collection":[{"href":"https:\/\/carolinapinilla.com\/en\/wp-json\/wp\/v2\/product"}],"about":[{"href":"https:\/\/carolinapinilla.com\/en\/wp-json\/wp\/v2\/types\/product"}],"version-history":[{"count":0,"href":"https:\/\/carolinapinilla.com\/en\/wp-json\/wp\/v2\/product\/10413\/revisions"}],"wp:featuredmedia":[{"embeddable":true,"href":"https:\/\/carolinapinilla.com\/en\/wp-json\/wp\/v2\/media\/10420"}],"wp:attachment":[{"href":"https:\/\/carolinapinilla.com\/en\/wp-json\/wp\/v2\/media?parent=10413"}],"wp:term":[{"taxonomy":"product_cat","embeddable":true,"href":"https:\/\/carolinapinilla.com\/en\/wp-json\/wp\/v2\/product_cat?post=10413"},{"taxonomy":"product_tag","embeddable":true,"href":"https:\/\/carolinapinilla.com\/en\/wp-json\/wp\/v2\/product_tag?post=10413"}],"curies":[{"name":"wp","href":"https:\/\/api.w.org\/{rel}","templated":true}]}}