{"id":10377,"date":"2025-08-30T16:18:22","date_gmt":"2025-08-30T21:18:22","guid":{"rendered":"http:\/\/carolinapinilla.com\/?post_type=product&#038;p=10377"},"modified":"2025-10-29T09:58:19","modified_gmt":"2025-10-29T14:58:19","slug":"perlata-falda","status":"publish","type":"product","link":"https:\/\/carolinapinilla.com\/en\/productos\/perlata-falda\/","title":{"rendered":"PERLATA FALDA"},"content":{"rendered":"<p class=\"p1\"><span class=\"s2\">Falda envolvente con un dise\u00f1o elegante y contempor\u00e1neo, confeccionada en tela bordada con delicados hilos ivory que aportan textura y sofisticaci\u00f3n. Su acabado se realza con sutiles lentejuelas transparentes que capturan la luz con un brillo discreto y finaliza con flecos en perlas, convirti\u00e9ndola en una pieza exclusiva y vers\u00e1til para ocasiones especiales.<\/span><\/p>\n<p>Material: Tela bordada con hilos y lentejuelas.<\/p>","protected":false},"excerpt":{"rendered":"<p>Falda envolvente con un dise\u00f1o elegante y contempor\u00e1neo, confeccionada en tela bordada con delicados hilos ivory que aportan textura y sofisticaci\u00f3n. Su acabado se realza con sutiles lentejuelas transparentes que capturan la luz con un brillo discreto y finaliza con flecos en perlas, convirti\u00e9ndola en una pieza exclusiva y vers\u00e1til para ocasiones especiales. Material: Tela&#8230;<\/p>","protected":false},"featured_media":10363,"template":"","meta":[],"product_cat":[157,15,115,116],"product_tag":[],"_links":{"self":[{"href":"https:\/\/carolinapinilla.com\/en\/wp-json\/wp\/v2\/product\/10377"}],"collection":[{"href":"https:\/\/carolinapinilla.com\/en\/wp-json\/wp\/v2\/product"}],"about":[{"href":"https:\/\/carolinapinilla.com\/en\/wp-json\/wp\/v2\/types\/product"}],"version-history":[{"count":0,"href":"https:\/\/carolinapinilla.com\/en\/wp-json\/wp\/v2\/product\/10377\/revisions"}],"wp:featuredmedia":[{"embeddable":true,"href":"https:\/\/carolinapinilla.com\/en\/wp-json\/wp\/v2\/media\/10363"}],"wp:attachment":[{"href":"https:\/\/carolinapinilla.com\/en\/wp-json\/wp\/v2\/media?parent=10377"}],"wp:term":[{"taxonomy":"product_cat","embeddable":true,"href":"https:\/\/carolinapinilla.com\/en\/wp-json\/wp\/v2\/product_cat?post=10377"},{"taxonomy":"product_tag","embeddable":true,"href":"https:\/\/carolinapinilla.com\/en\/wp-json\/wp\/v2\/product_tag?post=10377"}],"curies":[{"name":"wp","href":"https:\/\/api.w.org\/{rel}","templated":true}]}}