{"id":10371,"date":"2025-08-30T16:11:49","date_gmt":"2025-08-30T21:11:49","guid":{"rendered":"http:\/\/carolinapinilla.com\/?post_type=product&#038;p=10371"},"modified":"2025-10-29T11:25:42","modified_gmt":"2025-10-29T16:25:42","slug":"lignaria-falda","status":"publish","type":"product","link":"https:\/\/carolinapinilla.com\/en\/productos\/lignaria-falda\/","title":{"rendered":"LIGNARIA FALDA"},"content":{"rendered":"<p class=\"p1\"><span class=\"s1\">Falda envolvente elaborada con tela de bordados geom\u00e9tricos y peque\u00f1as lentejuelas transparentes con dise\u00f1o contempor\u00e1neo que se realza con un trabajo artesanal \u00fanico: largos flecos anudados a mano con hilos guajiros 100% de origen natural que caen con movimiento y elegancia. Cada nudo refleja la dedicaci\u00f3n y el arte de los artesanos, convirtiendo esta prenda en una pieza exclusiva que fusiona tradici\u00f3n y modernidad.<\/span><\/p>\n<p>Material: Algod\u00f3n bordado con hilos y lentejuelas.<\/p>","protected":false},"excerpt":{"rendered":"<p>Falda envolvente elaborada con tela de bordados geom\u00e9tricos y peque\u00f1as lentejuelas transparentes con dise\u00f1o contempor\u00e1neo que se realza con un trabajo artesanal \u00fanico: largos flecos anudados a mano con hilos guajiros 100% de origen natural que caen con movimiento y elegancia. Cada nudo refleja la dedicaci\u00f3n y el arte de los artesanos, convirtiendo esta prenda&#8230;<\/p>","protected":false},"featured_media":10364,"template":"","meta":[],"product_cat":[157,15,115,116],"product_tag":[],"_links":{"self":[{"href":"https:\/\/carolinapinilla.com\/en\/wp-json\/wp\/v2\/product\/10371"}],"collection":[{"href":"https:\/\/carolinapinilla.com\/en\/wp-json\/wp\/v2\/product"}],"about":[{"href":"https:\/\/carolinapinilla.com\/en\/wp-json\/wp\/v2\/types\/product"}],"version-history":[{"count":0,"href":"https:\/\/carolinapinilla.com\/en\/wp-json\/wp\/v2\/product\/10371\/revisions"}],"wp:featuredmedia":[{"embeddable":true,"href":"https:\/\/carolinapinilla.com\/en\/wp-json\/wp\/v2\/media\/10364"}],"wp:attachment":[{"href":"https:\/\/carolinapinilla.com\/en\/wp-json\/wp\/v2\/media?parent=10371"}],"wp:term":[{"taxonomy":"product_cat","embeddable":true,"href":"https:\/\/carolinapinilla.com\/en\/wp-json\/wp\/v2\/product_cat?post=10371"},{"taxonomy":"product_tag","embeddable":true,"href":"https:\/\/carolinapinilla.com\/en\/wp-json\/wp\/v2\/product_tag?post=10371"}],"curies":[{"name":"wp","href":"https:\/\/api.w.org\/{rel}","templated":true}]}}