{"id":10361,"date":"2025-08-30T16:05:08","date_gmt":"2025-08-30T21:05:08","guid":{"rendered":"http:\/\/carolinapinilla.com\/?post_type=product&#038;p=10361"},"modified":"2025-09-04T16:58:07","modified_gmt":"2025-09-04T21:58:07","slug":"lignaria-top","status":"publish","type":"product","link":"https:\/\/carolinapinilla.com\/en\/productos\/lignaria-top\/","title":{"rendered":"LIGNARIA TOP"},"content":{"rendered":"<p class=\"p1\"><span class=\"s1\">Top camisero estampado, u<\/span><span class=\"s2\">n dise\u00f1o fresco y vers\u00e1til en silueta tipo camisero con cuello cl\u00e1sico y botones frontales unicolor. Su tela con bordados geom\u00e9trico y detalles en lentejuelas aporta modernidad y un brillo muy sutil, mientras que el corte recto y ligero lo convierte en una prenda ideal para usar tanto en conjuntos coordinados como en looks separados con faldas o pantalones.<\/span><\/p>","protected":false},"excerpt":{"rendered":"<p>Top camisero estampado, un dise\u00f1o fresco y vers\u00e1til en silueta tipo camisero con cuello cl\u00e1sico y botones frontales unicolor. Su tela con bordados geom\u00e9trico y detalles en lentejuelas aporta modernidad y un brillo muy sutil, mientras que el corte recto y ligero lo convierte en una prenda ideal para usar tanto en conjuntos coordinados como&#8230;<\/p>","protected":false},"featured_media":10362,"template":"","meta":[],"product_cat":[158,157,15,116,136,118],"product_tag":[],"_links":{"self":[{"href":"https:\/\/carolinapinilla.com\/en\/wp-json\/wp\/v2\/product\/10361"}],"collection":[{"href":"https:\/\/carolinapinilla.com\/en\/wp-json\/wp\/v2\/product"}],"about":[{"href":"https:\/\/carolinapinilla.com\/en\/wp-json\/wp\/v2\/types\/product"}],"version-history":[{"count":0,"href":"https:\/\/carolinapinilla.com\/en\/wp-json\/wp\/v2\/product\/10361\/revisions"}],"wp:featuredmedia":[{"embeddable":true,"href":"https:\/\/carolinapinilla.com\/en\/wp-json\/wp\/v2\/media\/10362"}],"wp:attachment":[{"href":"https:\/\/carolinapinilla.com\/en\/wp-json\/wp\/v2\/media?parent=10361"}],"wp:term":[{"taxonomy":"product_cat","embeddable":true,"href":"https:\/\/carolinapinilla.com\/en\/wp-json\/wp\/v2\/product_cat?post=10361"},{"taxonomy":"product_tag","embeddable":true,"href":"https:\/\/carolinapinilla.com\/en\/wp-json\/wp\/v2\/product_tag?post=10361"}],"curies":[{"name":"wp","href":"https:\/\/api.w.org\/{rel}","templated":true}]}}