{"id":10355,"date":"2025-08-30T15:52:55","date_gmt":"2025-08-30T20:52:55","guid":{"rendered":"http:\/\/carolinapinilla.com\/?post_type=product&#038;p=10355"},"modified":"2025-08-30T15:52:55","modified_gmt":"2025-08-30T20:52:55","slug":"apolo-top","status":"publish","type":"product","link":"https:\/\/carolinapinilla.com\/en\/productos\/apolo-top\/","title":{"rendered":"APOLO TOP"},"content":{"rendered":"<p class=\"p1\">Top con dise\u00f1o sofisticado de cuello halter con recogidos delicados, elaborado en chifl\u00f3n crep\u00e9 negro con ca\u00edda fluida y elegante. Su silueta vers\u00e1til lo convierte en la pieza ideal para combinar con faldas o pantalones, aportando un aire refinado y atemporal a cualquier look.<\/p>\n<p>Material: Chiffon crep\u00e9.<\/p>","protected":false},"excerpt":{"rendered":"<p>Top con dise\u00f1o sofisticado de cuello halter con recogidos delicados, elaborado en chifl\u00f3n crep\u00e9 negro con ca\u00edda fluida y elegante. Su silueta vers\u00e1til lo convierte en la pieza ideal para combinar con faldas o pantalones, aportando un aire refinado y atemporal a cualquier look. Material: Chiffon crep\u00e9.<\/p>","protected":false},"featured_media":10340,"template":"","meta":[],"product_cat":[158,157,15,116,136],"product_tag":[],"_links":{"self":[{"href":"https:\/\/carolinapinilla.com\/en\/wp-json\/wp\/v2\/product\/10355"}],"collection":[{"href":"https:\/\/carolinapinilla.com\/en\/wp-json\/wp\/v2\/product"}],"about":[{"href":"https:\/\/carolinapinilla.com\/en\/wp-json\/wp\/v2\/types\/product"}],"version-history":[{"count":0,"href":"https:\/\/carolinapinilla.com\/en\/wp-json\/wp\/v2\/product\/10355\/revisions"}],"wp:featuredmedia":[{"embeddable":true,"href":"https:\/\/carolinapinilla.com\/en\/wp-json\/wp\/v2\/media\/10340"}],"wp:attachment":[{"href":"https:\/\/carolinapinilla.com\/en\/wp-json\/wp\/v2\/media?parent=10355"}],"wp:term":[{"taxonomy":"product_cat","embeddable":true,"href":"https:\/\/carolinapinilla.com\/en\/wp-json\/wp\/v2\/product_cat?post=10355"},{"taxonomy":"product_tag","embeddable":true,"href":"https:\/\/carolinapinilla.com\/en\/wp-json\/wp\/v2\/product_tag?post=10355"}],"curies":[{"name":"wp","href":"https:\/\/api.w.org\/{rel}","templated":true}]}}