{"id":10348,"date":"2025-08-30T15:42:13","date_gmt":"2025-08-30T20:42:13","guid":{"rendered":"http:\/\/carolinapinilla.com\/?post_type=product&#038;p=10348"},"modified":"2025-10-29T11:25:07","modified_gmt":"2025-10-29T16:25:07","slug":"hilaria-falda","status":"publish","type":"product","link":"https:\/\/carolinapinilla.com\/en\/productos\/hilaria-falda\/","title":{"rendered":"HILARIA FALDA"},"content":{"rendered":"<p class=\"p1\"><span class=\"s1\">Falda envolvente confeccionada en tela tejido tipo crochet con dise\u00f1o en zigzag, terminada con un delicado borde de borlas hechas \u00a0a mano en hilo guajiro 100% natural. Cada pieza refleja horas de dedicaci\u00f3n y el legado de t\u00e9cnicas ancestrales, transformadas en un dise\u00f1o contempor\u00e1neo y sofisticado. Una prenda \u00fanica que combina tradici\u00f3n, lujo y modernidad.<\/span><\/p>","protected":false},"excerpt":{"rendered":"<p>Falda envolvente confeccionada en tela tejido tipo crochet con dise\u00f1o en zigzag, terminada con un delicado borde de borlas hechas \u00a0a mano en hilo guajiro 100% natural. Cada pieza refleja horas de dedicaci\u00f3n y el legado de t\u00e9cnicas ancestrales, transformadas en un dise\u00f1o contempor\u00e1neo y sofisticado. Una prenda \u00fanica que combina tradici\u00f3n, lujo y modernidad.<\/p>","protected":false},"featured_media":10341,"template":"","meta":[],"product_cat":[157,15,115,116],"product_tag":[],"_links":{"self":[{"href":"https:\/\/carolinapinilla.com\/en\/wp-json\/wp\/v2\/product\/10348"}],"collection":[{"href":"https:\/\/carolinapinilla.com\/en\/wp-json\/wp\/v2\/product"}],"about":[{"href":"https:\/\/carolinapinilla.com\/en\/wp-json\/wp\/v2\/types\/product"}],"version-history":[{"count":0,"href":"https:\/\/carolinapinilla.com\/en\/wp-json\/wp\/v2\/product\/10348\/revisions"}],"wp:featuredmedia":[{"embeddable":true,"href":"https:\/\/carolinapinilla.com\/en\/wp-json\/wp\/v2\/media\/10341"}],"wp:attachment":[{"href":"https:\/\/carolinapinilla.com\/en\/wp-json\/wp\/v2\/media?parent=10348"}],"wp:term":[{"taxonomy":"product_cat","embeddable":true,"href":"https:\/\/carolinapinilla.com\/en\/wp-json\/wp\/v2\/product_cat?post=10348"},{"taxonomy":"product_tag","embeddable":true,"href":"https:\/\/carolinapinilla.com\/en\/wp-json\/wp\/v2\/product_tag?post=10348"}],"curies":[{"name":"wp","href":"https:\/\/api.w.org\/{rel}","templated":true}]}}