{"id":10329,"date":"2025-08-30T15:35:52","date_gmt":"2025-08-30T20:35:52","guid":{"rendered":"http:\/\/carolinapinilla.com\/?post_type=product&#038;p=10329"},"modified":"2025-09-04T17:14:14","modified_gmt":"2025-09-04T22:14:14","slug":"hilaria-top","status":"publish","type":"product","link":"https:\/\/carolinapinilla.com\/en\/productos\/hilaria-top\/","title":{"rendered":"HILARIA TOP"},"content":{"rendered":"<p class=\"p1\"><span class=\"s1\">Top elaborado en tela tejido tipo crochet con patr\u00f3n en zigzag. Sus tiras trenzadas con borlas hechas a mano aportan un acabado \u00fanico y lleno de detalle, reflejando horas de trabajo manual y la maestr\u00eda de los artesanos colombianos. Una prenda vers\u00e1til y exclusiva que celebra el lujo hecho a mano.<\/span><\/p>","protected":false},"excerpt":{"rendered":"<p>Top elaborado en tela tejido tipo crochet con patr\u00f3n en zigzag. Sus tiras trenzadas con borlas hechas a mano aportan un acabado \u00fanico y lleno de detalle, reflejando horas de trabajo manual y la maestr\u00eda de los artesanos colombianos. Una prenda vers\u00e1til y exclusiva que celebra el lujo hecho a mano.<\/p>","protected":false},"featured_media":10334,"template":"","meta":[],"product_cat":[158,157,15,116,136,118],"product_tag":[],"_links":{"self":[{"href":"https:\/\/carolinapinilla.com\/en\/wp-json\/wp\/v2\/product\/10329"}],"collection":[{"href":"https:\/\/carolinapinilla.com\/en\/wp-json\/wp\/v2\/product"}],"about":[{"href":"https:\/\/carolinapinilla.com\/en\/wp-json\/wp\/v2\/types\/product"}],"version-history":[{"count":0,"href":"https:\/\/carolinapinilla.com\/en\/wp-json\/wp\/v2\/product\/10329\/revisions"}],"wp:featuredmedia":[{"embeddable":true,"href":"https:\/\/carolinapinilla.com\/en\/wp-json\/wp\/v2\/media\/10334"}],"wp:attachment":[{"href":"https:\/\/carolinapinilla.com\/en\/wp-json\/wp\/v2\/media?parent=10329"}],"wp:term":[{"taxonomy":"product_cat","embeddable":true,"href":"https:\/\/carolinapinilla.com\/en\/wp-json\/wp\/v2\/product_cat?post=10329"},{"taxonomy":"product_tag","embeddable":true,"href":"https:\/\/carolinapinilla.com\/en\/wp-json\/wp\/v2\/product_tag?post=10329"}],"curies":[{"name":"wp","href":"https:\/\/api.w.org\/{rel}","templated":true}]}}