{"id":10312,"date":"2025-08-30T15:09:07","date_gmt":"2025-08-30T20:09:07","guid":{"rendered":"http:\/\/carolinapinilla.com\/?post_type=product&#038;p=10312"},"modified":"2025-09-04T17:12:08","modified_gmt":"2025-09-04T22:12:08","slug":"hebra-top","status":"publish","type":"product","link":"https:\/\/carolinapinilla.com\/en\/productos\/hebra-top\/","title":{"rendered":"HEBRA TOP"},"content":{"rendered":"<p>Un top exclusivo elaborado en tela bordada con dise\u00f1o de ondas en tonos c\u00e1lidos. Su detalle de flecos y cordones con pompones todos tejidos a mano en hilo guajiro 100% natural, aporta textura, movimiento y autenticidad, reflejando horas de dedicaci\u00f3n y el arte de nuestros maestros artesanos. Una pieza \u00fanica que celebra la tradici\u00f3n hecha moda.<\/p>","protected":false},"excerpt":{"rendered":"<p>Un top exclusivo elaborado en tela bordada con dise\u00f1o de ondas en tonos c\u00e1lidos. Su detalle de flecos y cordones con pompones todos tejidos a mano en hilo guajiro 100% natural, aporta textura, movimiento y autenticidad, reflejando horas de dedicaci\u00f3n y el arte de nuestros maestros artesanos. Una pieza \u00fanica que celebra la tradici\u00f3n hecha&#8230;<\/p>","protected":false},"featured_media":10317,"template":"","meta":[],"product_cat":[158,157,15,116,136],"product_tag":[],"_links":{"self":[{"href":"https:\/\/carolinapinilla.com\/en\/wp-json\/wp\/v2\/product\/10312"}],"collection":[{"href":"https:\/\/carolinapinilla.com\/en\/wp-json\/wp\/v2\/product"}],"about":[{"href":"https:\/\/carolinapinilla.com\/en\/wp-json\/wp\/v2\/types\/product"}],"version-history":[{"count":0,"href":"https:\/\/carolinapinilla.com\/en\/wp-json\/wp\/v2\/product\/10312\/revisions"}],"wp:featuredmedia":[{"embeddable":true,"href":"https:\/\/carolinapinilla.com\/en\/wp-json\/wp\/v2\/media\/10317"}],"wp:attachment":[{"href":"https:\/\/carolinapinilla.com\/en\/wp-json\/wp\/v2\/media?parent=10312"}],"wp:term":[{"taxonomy":"product_cat","embeddable":true,"href":"https:\/\/carolinapinilla.com\/en\/wp-json\/wp\/v2\/product_cat?post=10312"},{"taxonomy":"product_tag","embeddable":true,"href":"https:\/\/carolinapinilla.com\/en\/wp-json\/wp\/v2\/product_tag?post=10312"}],"curies":[{"name":"wp","href":"https:\/\/api.w.org\/{rel}","templated":true}]}}