{"id":10303,"date":"2025-08-30T14:49:23","date_gmt":"2025-08-30T19:49:23","guid":{"rendered":"http:\/\/carolinapinilla.com\/?post_type=product&#038;p=10303"},"modified":"2025-09-04T17:10:43","modified_gmt":"2025-09-04T22:10:43","slug":"olimpo","status":"publish","type":"product","link":"https:\/\/carolinapinilla.com\/en\/productos\/olimpo\/","title":{"rendered":"OLIMPO"},"content":{"rendered":"<p class=\"p1\"><span class=\"s1\">Este dise\u00f1o de vestido largo destaca por su top cruzado con acabados de bordes en perlas peque\u00f1as, ademas, por su escote cut out y abertura en la cintura que estiliza la silueta. En la espalda, los tirantes ajustables con detalle de borlas hechas 100% a mano crean un efecto delicado y femenino. La falda amplia con ca\u00edda fluida luce un print bot\u00e1nico exclusivo de <\/span><span class=\"s2\">Carolina Pinilla<\/span><span class=\"s1\">, creado \u00fanicamente para esta colecci\u00f3n, lo que convierte cada pieza en una obra de arte \u00fanica.<\/span><\/p>\n<p>Material: lino.<\/p>","protected":false},"excerpt":{"rendered":"<p>Este dise\u00f1o de vestido largo destaca por su top cruzado con acabados de bordes en perlas peque\u00f1as, ademas, por su escote cut out y abertura en la cintura que estiliza la silueta. En la espalda, los tirantes ajustables con detalle de borlas hechas 100% a mano crean un efecto delicado y femenino. La falda amplia&#8230;<\/p>","protected":false},"featured_media":10306,"template":"","meta":[],"product_cat":[157,15,117,118],"product_tag":[],"_links":{"self":[{"href":"https:\/\/carolinapinilla.com\/en\/wp-json\/wp\/v2\/product\/10303"}],"collection":[{"href":"https:\/\/carolinapinilla.com\/en\/wp-json\/wp\/v2\/product"}],"about":[{"href":"https:\/\/carolinapinilla.com\/en\/wp-json\/wp\/v2\/types\/product"}],"version-history":[{"count":0,"href":"https:\/\/carolinapinilla.com\/en\/wp-json\/wp\/v2\/product\/10303\/revisions"}],"wp:featuredmedia":[{"embeddable":true,"href":"https:\/\/carolinapinilla.com\/en\/wp-json\/wp\/v2\/media\/10306"}],"wp:attachment":[{"href":"https:\/\/carolinapinilla.com\/en\/wp-json\/wp\/v2\/media?parent=10303"}],"wp:term":[{"taxonomy":"product_cat","embeddable":true,"href":"https:\/\/carolinapinilla.com\/en\/wp-json\/wp\/v2\/product_cat?post=10303"},{"taxonomy":"product_tag","embeddable":true,"href":"https:\/\/carolinapinilla.com\/en\/wp-json\/wp\/v2\/product_tag?post=10303"}],"curies":[{"name":"wp","href":"https:\/\/api.w.org\/{rel}","templated":true}]}}