{"id":9909,"date":"2025-07-29T16:50:32","date_gmt":"2025-07-29T21:50:32","guid":{"rendered":"http:\/\/carolinapinilla.com\/?page_id=9909"},"modified":"2025-07-29T17:21:22","modified_gmt":"2025-07-29T22:21:22","slug":"guia-de-tallas","status":"publish","type":"page","link":"https:\/\/carolinapinilla.com\/en\/guia-de-tallas\/","title":{"rendered":"Gu\u00eda de Tallas"},"content":{"rendered":"<div data-elementor-type=\"wp-page\" data-elementor-id=\"9909\" class=\"elementor elementor-9909\" data-elementor-post-type=\"page\">\n\t\t\t\t\t\t\t\t\t<section class=\"elementor-section elementor-top-section elementor-element elementor-element-d599a34 elementor-section-boxed elementor-section-height-default elementor-section-height-default\" data-id=\"d599a34\" data-element_type=\"section\" data-settings=\"{&quot;background_background&quot;:&quot;classic&quot;}\">\n\t\t\t\t\t\t\t<div class=\"elementor-background-overlay\"><\/div>\n\t\t\t\t\t\t\t<div class=\"elementor-container elementor-column-gap-default\">\n\t\t\t\t\t<div class=\"elementor-column elementor-col-100 elementor-top-column elementor-element elementor-element-20237bb\" data-id=\"20237bb\" data-element_type=\"column\">\n\t\t\t<div class=\"elementor-widget-wrap elementor-element-populated\">\n\t\t\t\t\t\t\t\t<div class=\"elementor-element elementor-element-a035d6a elementor-widget elementor-widget-elemix-addon-dual-header\" data-id=\"a035d6a\" data-element_type=\"widget\" data-widget_type=\"elemix-addon-dual-header.default\">\n\t\t\t\t<div class=\"elementor-widget-container\">\n\t\t\t    \n<div class=\"elemix-dual-header-container\">\n        <div class=\"elemix-dual-header-first-container\"><h1 class=\"elemix-dual-header-first-header\"><span >Gu\u00eda de Tallas <\/span><\/h1> <\/div>\n    <div class=\"elemix-dual-header-second-container\"><h1 class=\"elemix-dual-header-second-header\"><span >\u00ae Carolina Pinilla - Fashion Designer. <\/span><\/h1><\/div>\n    <\/div>\n\n    \t\t<\/div>\n\t\t\t\t<\/div>\n\t\t\t\t\t<\/div>\n\t\t<\/div>\n\t\t\t\t\t\t\t<\/div>\n\t\t<\/section>\n\t\t\t\t<section class=\"elementor-section elementor-top-section elementor-element elementor-element-65f5de3 elementor-section-boxed elementor-section-height-default elementor-section-height-default\" data-id=\"65f5de3\" data-element_type=\"section\">\n\t\t\t\t\t\t<div class=\"elementor-container elementor-column-gap-default\">\n\t\t\t\t\t<div class=\"elementor-column elementor-col-100 elementor-top-column elementor-element elementor-element-0b52d22\" data-id=\"0b52d22\" data-element_type=\"column\">\n\t\t\t<div class=\"elementor-widget-wrap elementor-element-populated\">\n\t\t\t\t\t\t\t\t<div class=\"elementor-element elementor-element-0ad5003 elementor-widget elementor-widget-heading\" data-id=\"0ad5003\" data-element_type=\"widget\" data-widget_type=\"heading.default\">\n\t\t\t\t<div class=\"elementor-widget-container\">\n\t\t\t<h2 class=\"elementor-heading-title elementor-size-default\">Gu\u00eda de Tallas para Mujer<\/h2>\t\t<\/div>\n\t\t\t\t<\/div>\n\t\t\t\t\t<\/div>\n\t\t<\/div>\n\t\t\t\t\t\t\t<\/div>\n\t\t<\/section>\n\t\t\t\t<section class=\"elementor-section elementor-top-section elementor-element elementor-element-43a3e0d elementor-section-boxed elementor-section-height-default elementor-section-height-default\" data-id=\"43a3e0d\" data-element_type=\"section\">\n\t\t\t\t\t\t<div class=\"elementor-container elementor-column-gap-default\">\n\t\t\t\t\t<div class=\"elementor-column elementor-col-100 elementor-top-column elementor-element elementor-element-66c4cde\" data-id=\"66c4cde\" data-element_type=\"column\">\n\t\t\t<div class=\"elementor-widget-wrap elementor-element-populated\">\n\t\t\t\t\t\t\t\t<div class=\"elementor-element elementor-element-956b535 elementor-widget elementor-widget-shortcode\" data-id=\"956b535\" data-element_type=\"widget\" data-widget_type=\"shortcode.default\">\n\t\t\t\t<div class=\"elementor-widget-container\">\n\t\t\t\t\t<div class=\"elementor-shortcode\">\n<table id=\"tablepress-1\" class=\"tablepress tablepress-id-1\">\n<thead>\n<tr class=\"row-1\">\n\t<th class=\"column-1\">Talla<\/th><th class=\"column-2\">Busto (cm)<\/th><th class=\"column-3\">Cintura (cm)<\/th><th class=\"column-4\">Cadera (cm)<\/th><th class=\"column-5\">Equivalencia<\/th>\n<\/tr>\n<\/thead>\n<tbody class=\"row-striping row-hover\">\n<tr class=\"row-2\">\n\t<td class=\"column-1\">XS<\/td><td class=\"column-2\">84<\/td><td class=\"column-3\">66<\/td><td class=\"column-4\">90<\/td><td class=\"column-5\">6 \/ 36 EU<\/td>\n<\/tr>\n<tr class=\"row-3\">\n\t<td class=\"column-1\">S<\/td><td class=\"column-2\">88<\/td><td class=\"column-3\">70<\/td><td class=\"column-4\">94<\/td><td class=\"column-5\">8 \/ 38 EU<\/td>\n<\/tr>\n<tr class=\"row-4\">\n\t<td class=\"column-1\">M<\/td><td class=\"column-2\">92<\/td><td class=\"column-3\">74<\/td><td class=\"column-4\">98<\/td><td class=\"column-5\">10 \/ 40 EU<\/td>\n<\/tr>\n<tr class=\"row-5\">\n\t<td class=\"column-1\">L<\/td><td class=\"column-2\">96<\/td><td class=\"column-3\">78<\/td><td class=\"column-4\">102<\/td><td class=\"column-5\">12 \/ 42 EU<\/td>\n<\/tr>\n<tr class=\"row-6\">\n\t<td class=\"column-1\">XL<\/td><td class=\"column-2\">100<\/td><td class=\"column-3\">84<\/td><td class=\"column-4\">106<\/td><td class=\"column-5\">14 \/ 44 EU<\/td>\n<\/tr>\n<\/tbody>\n<\/table>\n<!-- #tablepress-1 from cache --><\/div>\n\t\t\t\t<\/div>\n\t\t\t\t<\/div>\n\t\t\t\t\t<\/div>\n\t\t<\/div>\n\t\t\t\t\t\t\t<\/div>\n\t\t<\/section>\n\t\t\t\t<section class=\"elementor-section elementor-top-section elementor-element elementor-element-eca9c22 elementor-section-boxed elementor-section-height-default elementor-section-height-default\" data-id=\"eca9c22\" data-element_type=\"section\">\n\t\t\t\t\t\t<div class=\"elementor-container elementor-column-gap-default\">\n\t\t\t\t\t<div class=\"elementor-column elementor-col-100 elementor-top-column elementor-element elementor-element-06d4fe3\" data-id=\"06d4fe3\" data-element_type=\"column\">\n\t\t\t<div class=\"elementor-widget-wrap elementor-element-populated\">\n\t\t\t\t\t\t\t\t<div class=\"elementor-element elementor-element-6455350 elementor-widget elementor-widget-text-editor\" data-id=\"6455350\" data-element_type=\"widget\" data-widget_type=\"text-editor.default\">\n\t\t\t\t<div class=\"elementor-widget-container\">\n\t\t\t\t\t\t\tRecomendamos escoger la talla seg\u00fan la medida del busto y la altura como gu\u00eda principal. Las prendas est\u00e1n dise\u00f1adas para ser c\u00f3modas, con cortes amplios y detalles delicados artesanales.\n\t\t\t\t\t\t<\/div>\n\t\t\t\t<\/div>\n\t\t\t\t\t<\/div>\n\t\t<\/div>\n\t\t\t\t\t\t\t<\/div>\n\t\t<\/section>\n\t\t\t\t<section class=\"elementor-section elementor-top-section elementor-element elementor-element-1dcfdfc elementor-section-boxed elementor-section-height-default elementor-section-height-default\" data-id=\"1dcfdfc\" data-element_type=\"section\">\n\t\t\t\t\t\t<div class=\"elementor-container elementor-column-gap-default\">\n\t\t\t\t\t<div class=\"elementor-column elementor-col-100 elementor-top-column elementor-element elementor-element-f326dee\" data-id=\"f326dee\" data-element_type=\"column\">\n\t\t\t<div class=\"elementor-widget-wrap elementor-element-populated\">\n\t\t\t\t\t\t\t\t<div class=\"elementor-element elementor-element-6415231 elementor-widget elementor-widget-heading\" data-id=\"6415231\" data-element_type=\"widget\" data-widget_type=\"heading.default\">\n\t\t\t\t<div class=\"elementor-widget-container\">\n\t\t\t<h2 class=\"elementor-heading-title elementor-size-default\">Gu\u00eda de Tallas para Ni\u00f1as<\/h2>\t\t<\/div>\n\t\t\t\t<\/div>\n\t\t\t\t\t<\/div>\n\t\t<\/div>\n\t\t\t\t\t\t\t<\/div>\n\t\t<\/section>\n\t\t\t\t<section class=\"elementor-section elementor-top-section elementor-element elementor-element-46d069c elementor-section-boxed elementor-section-height-default elementor-section-height-default\" data-id=\"46d069c\" data-element_type=\"section\">\n\t\t\t\t\t\t<div class=\"elementor-container elementor-column-gap-default\">\n\t\t\t\t\t<div class=\"elementor-column elementor-col-100 elementor-top-column elementor-element elementor-element-1e20e73\" data-id=\"1e20e73\" data-element_type=\"column\">\n\t\t\t<div class=\"elementor-widget-wrap elementor-element-populated\">\n\t\t\t\t\t\t\t\t<div class=\"elementor-element elementor-element-a9dd89e elementor-widget elementor-widget-shortcode\" data-id=\"a9dd89e\" data-element_type=\"widget\" data-widget_type=\"shortcode.default\">\n\t\t\t\t<div class=\"elementor-widget-container\">\n\t\t\t\t\t<div class=\"elementor-shortcode\">\n<table id=\"tablepress-2\" class=\"tablepress tablepress-id-2\">\n<thead>\n<tr class=\"row-1\">\n\t<th class=\"column-1\">Talla<\/th><th class=\"column-2\">Edad<\/th><th class=\"column-3\">Altura (cm)<\/th><th class=\"column-4\">Busto (cm)<\/th><th class=\"column-5\">Cintura (cm)<\/th><th class=\"column-6\">Cadera (cm)<\/th>\n<\/tr>\n<\/thead>\n<tbody class=\"row-striping row-hover\">\n<tr class=\"row-2\">\n\t<td class=\"column-1\">2<\/td><td class=\"column-2\">2 a\u00f1os<\/td><td class=\"column-3\">88-92<\/td><td class=\"column-4\">52-54<\/td><td class=\"column-5\">50-52<\/td><td class=\"column-6\">54-56<\/td>\n<\/tr>\n<tr class=\"row-3\">\n\t<td class=\"column-1\">4<\/td><td class=\"column-2\">4 a\u00f1os<\/td><td class=\"column-3\">100-106<\/td><td class=\"column-4\">56-58<\/td><td class=\"column-5\">53-55<\/td><td class=\"column-6\">58-61<\/td>\n<\/tr>\n<tr class=\"row-4\">\n\t<td class=\"column-1\">6<\/td><td class=\"column-2\">6 a\u00f1os<\/td><td class=\"column-3\">112-118<\/td><td class=\"column-4\">59-62<\/td><td class=\"column-5\">55-57<\/td><td class=\"column-6\">62-66<\/td>\n<\/tr>\n<tr class=\"row-5\">\n\t<td class=\"column-1\">8<\/td><td class=\"column-2\">8 a\u00f1os<\/td><td class=\"column-3\">124-130<\/td><td class=\"column-4\">63-67<\/td><td class=\"column-5\">57-59<\/td><td class=\"column-6\">67-71<\/td>\n<\/tr>\n<tr class=\"row-6\">\n\t<td class=\"column-1\">10<\/td><td class=\"column-2\">10 a\u00f1os<\/td><td class=\"column-3\">136-142<\/td><td class=\"column-4\">68-72<\/td><td class=\"column-5\">59-61<\/td><td class=\"column-6\">72-76<\/td>\n<\/tr>\n<tr class=\"row-7\">\n\t<td class=\"column-1\">12<\/td><td class=\"column-2\">12 a\u00f1os<\/td><td class=\"column-3\">148-152<\/td><td class=\"column-4\">73-78<\/td><td class=\"column-5\">61-63<\/td><td class=\"column-6\">77-82<\/td>\n<\/tr>\n<\/tbody>\n<\/table>\n<!-- #tablepress-2 from cache --><\/div>\n\t\t\t\t<\/div>\n\t\t\t\t<\/div>\n\t\t\t\t\t<\/div>\n\t\t<\/div>\n\t\t\t\t\t\t\t<\/div>\n\t\t<\/section>\n\t\t\t\t<section class=\"elementor-section elementor-top-section elementor-element elementor-element-8329b69 elementor-section-boxed elementor-section-height-default elementor-section-height-default\" data-id=\"8329b69\" data-element_type=\"section\">\n\t\t\t\t\t\t<div class=\"elementor-container elementor-column-gap-default\">\n\t\t\t\t\t<div class=\"elementor-column elementor-col-100 elementor-top-column elementor-element elementor-element-07e1c1c\" data-id=\"07e1c1c\" data-element_type=\"column\">\n\t\t\t<div class=\"elementor-widget-wrap elementor-element-populated\">\n\t\t\t\t\t\t\t\t<div class=\"elementor-element elementor-element-86c89e0 elementor-widget elementor-widget-text-editor\" data-id=\"86c89e0\" data-element_type=\"widget\" data-widget_type=\"text-editor.default\">\n\t\t\t\t<div class=\"elementor-widget-container\">\n\t\t\t\t\t\t\tLas prendas est\u00e1n dise\u00f1adas para adaptarse con fluidez al cuerpo. En caso de duda entre dos tallas, recomendamos elegir la mayor para conservar el movimiento y ca\u00edda de las telas artesanales.\t\t\t\t\t\t<\/div>\n\t\t\t\t<\/div>\n\t\t\t\t\t<\/div>\n\t\t<\/div>\n\t\t\t\t\t\t\t<\/div>\n\t\t<\/section>\n\t\t\t\t\t\t\t<\/div>","protected":false},"excerpt":{"rendered":"<p>Gu\u00eda de Tallas \u00ae Carolina Pinilla &#8211; Fashion Designer. Gu\u00eda de Tallas para Mujer Recomendamos escoger la talla seg\u00fan la medida del busto y la altura como gu\u00eda principal. Las prendas est\u00e1n dise\u00f1adas para ser c\u00f3modas, con cortes amplios y detalles delicados artesanales. Gu\u00eda de Tallas para Ni\u00f1as Las prendas est\u00e1n dise\u00f1adas para adaptarse con&#8230;<\/p>","protected":false},"author":1,"featured_media":0,"parent":0,"menu_order":0,"comment_status":"closed","ping_status":"closed","template":"","meta":{"footnotes":""},"_links":{"self":[{"href":"https:\/\/carolinapinilla.com\/en\/wp-json\/wp\/v2\/pages\/9909"}],"collection":[{"href":"https:\/\/carolinapinilla.com\/en\/wp-json\/wp\/v2\/pages"}],"about":[{"href":"https:\/\/carolinapinilla.com\/en\/wp-json\/wp\/v2\/types\/page"}],"author":[{"embeddable":true,"href":"https:\/\/carolinapinilla.com\/en\/wp-json\/wp\/v2\/users\/1"}],"replies":[{"embeddable":true,"href":"https:\/\/carolinapinilla.com\/en\/wp-json\/wp\/v2\/comments?post=9909"}],"version-history":[{"count":0,"href":"https:\/\/carolinapinilla.com\/en\/wp-json\/wp\/v2\/pages\/9909\/revisions"}],"wp:attachment":[{"href":"https:\/\/carolinapinilla.com\/en\/wp-json\/wp\/v2\/media?parent=9909"}],"curies":[{"name":"wp","href":"https:\/\/api.w.org\/{rel}","templated":true}]}}