{"id":395,"date":"2019-05-10T21:39:15","date_gmt":"2019-05-10T21:39:15","guid":{"rendered":"http:\/\/elemix.pixel-show.com\/?page_id=395"},"modified":"2025-09-09T10:38:13","modified_gmt":"2025-09-09T15:38:13","slug":"nosotros","status":"publish","type":"page","link":"https:\/\/carolinapinilla.com\/en\/nosotros\/","title":{"rendered":"About Us"},"content":{"rendered":"<div data-elementor-type=\"wp-post\" data-elementor-id=\"395\" class=\"elementor elementor-395\" data-elementor-post-type=\"page\">\n\t\t\t\t\t\t\t\t\t<section class=\"elementor-section elementor-top-section elementor-element elementor-element-1e0702e elementor-section-boxed elementor-section-height-default elementor-section-height-default\" data-id=\"1e0702e\" data-element_type=\"section\">\n\t\t\t\t\t\t<div class=\"elementor-container elementor-column-gap-default\">\n\t\t\t\t\t<div class=\"elementor-column elementor-col-50 elementor-top-column elementor-element elementor-element-38ffb06\" data-id=\"38ffb06\" data-element_type=\"column\">\n\t\t\t<div class=\"elementor-widget-wrap elementor-element-populated\">\n\t\t\t\t\t\t\t\t<div class=\"elementor-element elementor-element-3bfc7aa elementor-hidden-desktop elementor-hidden-tablet elementor-lightbox-yes elementor-widget elementor-widget-image\" data-id=\"3bfc7aa\" data-element_type=\"widget\" data-widget_type=\"image.default\">\n\t\t\t\t<div class=\"elementor-widget-container\">\n\t\t\t\t\t\t\t\t\t\t\t\t\t\t\t<img loading=\"lazy\" decoding=\"async\" width=\"768\" height=\"1152\" src=\"https:\/\/carolinapinilla.com\/wp-content\/uploads\/2025\/08\/IMG_9015-768x1152.jpg\" class=\"attachment-medium_large size-medium_large wp-image-10252\" alt=\"\" srcset=\"https:\/\/carolinapinilla.com\/wp-content\/uploads\/2025\/08\/IMG_9015-768x1152.jpg 768w, https:\/\/carolinapinilla.com\/wp-content\/uploads\/2025\/08\/IMG_9015-200x300.jpg 200w, https:\/\/carolinapinilla.com\/wp-content\/uploads\/2025\/08\/IMG_9015-683x1024.jpg 683w, https:\/\/carolinapinilla.com\/wp-content\/uploads\/2025\/08\/IMG_9015-1024x1536.jpg 1024w, https:\/\/carolinapinilla.com\/wp-content\/uploads\/2025\/08\/IMG_9015-1365x2048.jpg 1365w, https:\/\/carolinapinilla.com\/wp-content\/uploads\/2025\/08\/IMG_9015-8x12.jpg 8w, https:\/\/carolinapinilla.com\/wp-content\/uploads\/2025\/08\/IMG_9015-760x1140.jpg 760w, https:\/\/carolinapinilla.com\/wp-content\/uploads\/2025\/08\/IMG_9015.jpg 1600w\" sizes=\"(max-width: 768px) 100vw, 768px\" \/>\t\t\t\t\t\t\t\t\t\t\t\t\t\t\t<\/div>\n\t\t\t\t<\/div>\n\t\t\t\t<div class=\"elementor-element elementor-element-83bef5b elementor-widget elementor-widget-elemix-addon-dual-header\" data-id=\"83bef5b\" data-element_type=\"widget\" data-widget_type=\"elemix-addon-dual-header.default\">\n\t\t\t\t<div class=\"elementor-widget-container\">\n\t\t\t    \n<div class=\"elemix-dual-header-container\">\n        <div class=\"elemix-dual-header-first-container\"><h3 class=\"elemix-dual-header-first-header\"><span >We are a brand <\/span><\/h3> <\/div>\n    <div class=\"elemix-dual-header-second-container\"><h2 class=\"elemix-dual-header-second-header\"><span >100% COLOMBIAN<\/span><\/h2><\/div>\n    <\/div>\n\n    \t\t<\/div>\n\t\t\t\t<\/div>\n\t\t\t\t<div class=\"elementor-element elementor-element-62c8eff elementor-widget elementor-widget-text-editor\" data-id=\"62c8eff\" data-element_type=\"widget\" data-widget_type=\"text-editor.default\">\n\t\t\t\t<div class=\"elementor-widget-container\">\n\t\t\t\t\t\t\tInspired by nature and the talent of our land. At Carolina Pinilla, each garment tells a story of origin and purpose. Our exclusive prints and low-stock productions are designed to guarantee you a unique and authentic experience, where exclusivity is an essential part of the value of each piece.\n\t\t\t\t\t\t<\/div>\n\t\t\t\t<\/div>\n\t\t\t\t<div class=\"elementor-element elementor-element-ce0382e elementor-widget elementor-widget-text-editor\" data-id=\"ce0382e\" data-element_type=\"widget\" data-widget_type=\"text-editor.default\">\n\t\t\t\t<div class=\"elementor-widget-container\">\n\t\t\t\t\t\t\tWe work hand in hand with seniors and female heads of household, whose talent and dedication are reflected in every detail. For many of them, this is their main source of income, and for us, their work is a true treasure.\n\t\t\t\t\t\t<\/div>\n\t\t\t\t<\/div>\n\t\t\t\t<div class=\"elementor-element elementor-element-f28f2a1 elementor-widget elementor-widget-text-editor\" data-id=\"f28f2a1\" data-element_type=\"widget\" data-widget_type=\"text-editor.default\">\n\t\t\t\t<div class=\"elementor-widget-container\">\n\t\t\t\t\t\t\tOur collections also celebrate the handcrafted work of local artisans, who use traditional techniques and 100% Colombian materials. Every stitch, weave, and handcrafted finish is part of a conscious, humane, and sustainable value chain.\n\t\t\t\t\t\t<\/div>\n\t\t\t\t<\/div>\n\t\t\t\t\t<\/div>\n\t\t<\/div>\n\t\t\t\t<div class=\"elementor-column elementor-col-50 elementor-top-column elementor-element elementor-element-16489da\" data-id=\"16489da\" data-element_type=\"column\">\n\t\t\t<div class=\"elementor-widget-wrap elementor-element-populated\">\n\t\t\t\t\t\t\t\t<div class=\"elementor-element elementor-element-cd121d7 elementor-lightbox-yes elementor-widget elementor-widget-image\" data-id=\"cd121d7\" data-element_type=\"widget\" data-widget_type=\"image.default\">\n\t\t\t\t<div class=\"elementor-widget-container\">\n\t\t\t\t\t\t\t\t\t\t\t\t\t\t\t<img loading=\"lazy\" decoding=\"async\" width=\"683\" height=\"1024\" src=\"https:\/\/carolinapinilla.com\/wp-content\/uploads\/2025\/08\/IMG_9266-683x1024.jpg\" class=\"attachment-large size-large wp-image-10201\" alt=\"\" srcset=\"https:\/\/carolinapinilla.com\/wp-content\/uploads\/2025\/08\/IMG_9266-683x1024.jpg 683w, https:\/\/carolinapinilla.com\/wp-content\/uploads\/2025\/08\/IMG_9266-200x300.jpg 200w, https:\/\/carolinapinilla.com\/wp-content\/uploads\/2025\/08\/IMG_9266-768x1152.jpg 768w, https:\/\/carolinapinilla.com\/wp-content\/uploads\/2025\/08\/IMG_9266-1024x1536.jpg 1024w, https:\/\/carolinapinilla.com\/wp-content\/uploads\/2025\/08\/IMG_9266-8x12.jpg 8w, https:\/\/carolinapinilla.com\/wp-content\/uploads\/2025\/08\/IMG_9266-760x1140.jpg 760w, https:\/\/carolinapinilla.com\/wp-content\/uploads\/2025\/08\/IMG_9266.jpg 1120w\" sizes=\"(max-width: 683px) 100vw, 683px\" \/>\t\t\t\t\t\t\t\t\t\t\t\t\t\t\t<\/div>\n\t\t\t\t<\/div>\n\t\t\t\t\t<\/div>\n\t\t<\/div>\n\t\t\t\t\t\t\t<\/div>\n\t\t<\/section>\n\t\t\t\t<section class=\"elementor-section elementor-top-section elementor-element elementor-element-37ff302 elementor-section-boxed elementor-section-height-default elementor-section-height-default\" data-id=\"37ff302\" data-element_type=\"section\">\n\t\t\t\t\t\t<div class=\"elementor-container elementor-column-gap-default\">\n\t\t\t\t\t<div class=\"elementor-column elementor-col-50 elementor-top-column elementor-element elementor-element-a700625 elementor-hidden-mobile\" data-id=\"a700625\" data-element_type=\"column\">\n\t\t\t<div class=\"elementor-widget-wrap elementor-element-populated\">\n\t\t\t\t\t\t\t\t<div class=\"elementor-element elementor-element-48802b1 elementor-lightbox-yes elementor-widget elementor-widget-image\" data-id=\"48802b1\" data-element_type=\"widget\" data-widget_type=\"image.default\">\n\t\t\t\t<div class=\"elementor-widget-container\">\n\t\t\t\t\t\t\t\t\t\t\t\t\t\t\t<img loading=\"lazy\" decoding=\"async\" width=\"768\" height=\"1152\" src=\"https:\/\/carolinapinilla.com\/wp-content\/uploads\/2025\/08\/IMG_8619-1-768x1152.jpg\" class=\"attachment-medium_large size-medium_large wp-image-10411\" alt=\"\" srcset=\"https:\/\/carolinapinilla.com\/wp-content\/uploads\/2025\/08\/IMG_8619-1-768x1152.jpg 768w, https:\/\/carolinapinilla.com\/wp-content\/uploads\/2025\/08\/IMG_8619-1-200x300.jpg 200w, https:\/\/carolinapinilla.com\/wp-content\/uploads\/2025\/08\/IMG_8619-1-683x1024.jpg 683w, https:\/\/carolinapinilla.com\/wp-content\/uploads\/2025\/08\/IMG_8619-1-1024x1536.jpg 1024w, https:\/\/carolinapinilla.com\/wp-content\/uploads\/2025\/08\/IMG_8619-1-1365x2048.jpg 1365w, https:\/\/carolinapinilla.com\/wp-content\/uploads\/2025\/08\/IMG_8619-1-8x12.jpg 8w, https:\/\/carolinapinilla.com\/wp-content\/uploads\/2025\/08\/IMG_8619-1-760x1140.jpg 760w, https:\/\/carolinapinilla.com\/wp-content\/uploads\/2025\/08\/IMG_8619-1.jpg 1600w\" sizes=\"(max-width: 768px) 100vw, 768px\" \/>\t\t\t\t\t\t\t\t\t\t\t\t\t\t\t<\/div>\n\t\t\t\t<\/div>\n\t\t\t\t\t<\/div>\n\t\t<\/div>\n\t\t\t\t<div class=\"elementor-column elementor-col-50 elementor-top-column elementor-element elementor-element-8badff5\" data-id=\"8badff5\" data-element_type=\"column\">\n\t\t\t<div class=\"elementor-widget-wrap elementor-element-populated\">\n\t\t\t\t\t\t\t\t<div class=\"elementor-element elementor-element-50c28dd elementor-widget elementor-widget-elemix-addon-dual-header\" data-id=\"50c28dd\" data-element_type=\"widget\" data-widget_type=\"elemix-addon-dual-header.default\">\n\t\t\t\t<div class=\"elementor-widget-container\">\n\t\t\t    \n<div class=\"elemix-dual-header-container\">\n        <div class=\"elemix-dual-header-first-container\"><h3 class=\"elemix-dual-header-first-header\"><span >Fashion designer  <\/span><\/h3> <\/div>\n    <div class=\"elemix-dual-header-second-container\"><h2 class=\"elemix-dual-header-second-header\"><span >CAROLINA PINILLA<\/span><\/h2><\/div>\n    <\/div>\n\n    \t\t<\/div>\n\t\t\t\t<\/div>\n\t\t\t\t<div class=\"elementor-element elementor-element-b21dc2d elementor-widget elementor-widget-text-editor\" data-id=\"b21dc2d\" data-element_type=\"widget\" data-widget_type=\"text-editor.default\">\n\t\t\t\t<div class=\"elementor-widget-container\">\n\t\t\t\t\t\t\tBorn in Sincelejo, I founded my brand in 2018 with the vision of creating fashion that inspires not only style, but also purpose. Each design is born from a creative intervention that seeks to highlight what is different, what is made with soul, and what leaves a mark.\n\t\t\t\t\t\t<\/div>\n\t\t\t\t<\/div>\n\t\t\t\t<section class=\"elementor-section elementor-inner-section elementor-element elementor-element-5fa5957 elementor-section-boxed elementor-section-height-default elementor-section-height-default\" data-id=\"5fa5957\" data-element_type=\"section\">\n\t\t\t\t\t\t<div class=\"elementor-container elementor-column-gap-default\">\n\t\t\t\t\t<div class=\"elementor-column elementor-col-50 elementor-inner-column elementor-element elementor-element-17cc3df\" data-id=\"17cc3df\" data-element_type=\"column\">\n\t\t\t<div class=\"elementor-widget-wrap elementor-element-populated\">\n\t\t\t\t\t\t\t\t<div class=\"elementor-element elementor-element-ff20136 elementor-align-left elementor-tablet-align-center elementor-mobile-align-left elementor-icon-list--layout-traditional elementor-list-item-link-full_width elementor-widget elementor-widget-icon-list\" data-id=\"ff20136\" data-element_type=\"widget\" data-widget_type=\"icon-list.default\">\n\t\t\t\t<div class=\"elementor-widget-container\">\n\t\t\t\t\t<ul class=\"elementor-icon-list-items\">\n\t\t\t\t\t\t\t<li class=\"elementor-icon-list-item\">\n\t\t\t\t\t\t\t\t\t\t\t<span class=\"elementor-icon-list-icon\">\n\t\t\t\t\t\t\t<i aria-hidden=\"true\" class=\"fas fa-check\"><\/i>\t\t\t\t\t\t<\/span>\n\t\t\t\t\t\t\t\t\t\t<span class=\"elementor-icon-list-text\">Exclusive prints and limited collections<\/span>\n\t\t\t\t\t\t\t\t\t<\/li>\n\t\t\t\t\t\t\t\t<li class=\"elementor-icon-list-item\">\n\t\t\t\t\t\t\t\t\t\t\t<span class=\"elementor-icon-list-icon\">\n\t\t\t\t\t\t\t<i aria-hidden=\"true\" class=\"fas fa-check\"><\/i>\t\t\t\t\t\t<\/span>\n\t\t\t\t\t\t\t\t\t\t<span class=\"elementor-icon-list-text\">Made in Colombia with local talent<\/span>\n\t\t\t\t\t\t\t\t\t<\/li>\n\t\t\t\t\t\t\t\t<li class=\"elementor-icon-list-item\">\n\t\t\t\t\t\t\t\t\t\t\t<span class=\"elementor-icon-list-icon\">\n\t\t\t\t\t\t\t<i aria-hidden=\"true\" class=\"fas fa-check\"><\/i>\t\t\t\t\t\t<\/span>\n\t\t\t\t\t\t\t\t\t\t<span class=\"elementor-icon-list-text\">Fair work with a social focus<\/span>\n\t\t\t\t\t\t\t\t\t<\/li>\n\t\t\t\t\t\t<\/ul>\n\t\t\t\t<\/div>\n\t\t\t\t<\/div>\n\t\t\t\t\t<\/div>\n\t\t<\/div>\n\t\t\t\t<div class=\"elementor-column elementor-col-50 elementor-inner-column elementor-element elementor-element-675a2f1\" data-id=\"675a2f1\" data-element_type=\"column\">\n\t\t\t<div class=\"elementor-widget-wrap elementor-element-populated\">\n\t\t\t\t\t\t\t\t<div class=\"elementor-element elementor-element-ef8e4ae elementor-align-left elementor-tablet-align-center elementor-mobile-align-left elementor-icon-list--layout-traditional elementor-list-item-link-full_width elementor-widget elementor-widget-icon-list\" data-id=\"ef8e4ae\" data-element_type=\"widget\" data-widget_type=\"icon-list.default\">\n\t\t\t\t<div class=\"elementor-widget-container\">\n\t\t\t\t\t<ul class=\"elementor-icon-list-items\">\n\t\t\t\t\t\t\t<li class=\"elementor-icon-list-item\">\n\t\t\t\t\t\t\t\t\t\t\t<span class=\"elementor-icon-list-icon\">\n\t\t\t\t\t\t\t<i aria-hidden=\"true\" class=\"fas fa-check\"><\/i>\t\t\t\t\t\t<\/span>\n\t\t\t\t\t\t\t\t\t\t<span class=\"elementor-icon-list-text\">Unique designs full of history<\/span>\n\t\t\t\t\t\t\t\t\t<\/li>\n\t\t\t\t\t\t\t\t<li class=\"elementor-icon-list-item\">\n\t\t\t\t\t\t\t\t\t\t\t<span class=\"elementor-icon-list-icon\">\n\t\t\t\t\t\t\t<i aria-hidden=\"true\" class=\"fas fa-check\"><\/i>\t\t\t\t\t\t<\/span>\n\t\t\t\t\t\t\t\t\t\t<span class=\"elementor-icon-list-text\">100% secure purchase<\/span>\n\t\t\t\t\t\t\t\t\t<\/li>\n\t\t\t\t\t\t<\/ul>\n\t\t\t\t<\/div>\n\t\t\t\t<\/div>\n\t\t\t\t\t<\/div>\n\t\t<\/div>\n\t\t\t\t\t\t\t<\/div>\n\t\t<\/section>\n\t\t\t\t<div class=\"elementor-element elementor-element-636f0fd elementor-tablet-align-center elementor-widget elementor-widget-button\" data-id=\"636f0fd\" data-element_type=\"widget\" data-widget_type=\"button.default\">\n\t\t\t\t<div class=\"elementor-widget-container\">\n\t\t\t\t\t<div class=\"elementor-button-wrapper\">\n\t\t\t<a class=\"elementor-button elementor-button-link elementor-size-sm\" href=\"\/en\/tienda\/\">\n\t\t\t\t\t\t<span class=\"elementor-button-content-wrapper\">\n\t\t\t\t\t\t<span class=\"elementor-button-text\">SEE ALL PRODUCTS<\/span>\n\t\t<\/span>\n\t\t\t\t\t<\/a>\n\t\t<\/div>\n\t\t\t\t<\/div>\n\t\t\t\t<\/div>\n\t\t\t\t\t<\/div>\n\t\t<\/div>\n\t\t\t\t\t\t\t<\/div>\n\t\t<\/section>\n\t\t\t\t\t\t\t<\/div>","protected":false},"excerpt":{"rendered":"<p>Somos una marca 100% COLOMBIANA Inspirada en la naturaleza y el talento de nuestra tierra. En Carolina Pinilla, cada prenda cuenta una historia de origen y prop\u00f3sito. Nuestros estampados exclusivos y producciones de bajo stock est\u00e1n dise\u00f1ados para garantizarte una experiencia \u00fanica y aut\u00e9ntica, donde la exclusividad es parte esencial del valor de cada pieza&#8230;.<\/p>","protected":false},"author":1,"featured_media":0,"parent":0,"menu_order":0,"comment_status":"closed","ping_status":"closed","template":"","meta":{"footnotes":""},"_links":{"self":[{"href":"https:\/\/carolinapinilla.com\/en\/wp-json\/wp\/v2\/pages\/395"}],"collection":[{"href":"https:\/\/carolinapinilla.com\/en\/wp-json\/wp\/v2\/pages"}],"about":[{"href":"https:\/\/carolinapinilla.com\/en\/wp-json\/wp\/v2\/types\/page"}],"author":[{"embeddable":true,"href":"https:\/\/carolinapinilla.com\/en\/wp-json\/wp\/v2\/users\/1"}],"replies":[{"embeddable":true,"href":"https:\/\/carolinapinilla.com\/en\/wp-json\/wp\/v2\/comments?post=395"}],"version-history":[{"count":0,"href":"https:\/\/carolinapinilla.com\/en\/wp-json\/wp\/v2\/pages\/395\/revisions"}],"wp:attachment":[{"href":"https:\/\/carolinapinilla.com\/en\/wp-json\/wp\/v2\/media?parent=395"}],"curies":[{"name":"wp","href":"https:\/\/api.w.org\/{rel}","templated":true}]}}